{"id":7642,"date":"2022-11-28T19:31:56","date_gmt":"2022-11-28T18:31:56","guid":{"rendered":"https:\/\/circolovega.org\/ws\/?post_type=product&#038;p=7642"},"modified":"2025-12-27T11:22:35","modified_gmt":"2025-12-27T10:22:35","slug":"calendario-2023-citta-favolose","status":"publish","type":"product","link":"https:\/\/circolovega.org\/ws\/prodotto\/calendario-2023-citta-favolose\/","title":{"rendered":"Calendario 2023 &#8220;Citt\u00e0&#8230; Favolose!&#8221;"},"content":{"rendered":"<div id=\"collapsible-details-VCAL22042-1\" class=\"value content\"><strong>Formato chiuso<\/strong>: 30x30cm<br \/>\n<strong>Carta:<\/strong>\u00a0certificata FSC\u00ae\u00a0(FSC-C154586): proviene da fonti forestali certificate<br \/>\n<strong>Contiene:<\/strong>\u00a0planner mensile, festivit\u00e0 nazionali e spazio per note e appunti, 12 illustrazioni originali<\/div>\n<div class=\"product-logos\"><strong>Spedizione in tutta Italia:<\/strong> la consegna avverr\u00e0 entro 5 giorni lavorativi dal ricevimento dell\u2019ordine (a partire dal 5 dicembre)<\/div>\n<div>\n<p>&nbsp;<\/p>\n<\/div>\n","protected":false},"excerpt":{"rendered":"<p>Il calendario \u00e8, per il <strong>secondo anno, <\/strong>un modo di raccogliere fondi per <strong>sostenerci <\/strong>e continuare a <strong>offrire gratuitamente<\/strong> i nostri servizi a <strong>chi ne ha pi\u00f9 bisogno<\/strong>.<br \/>\nQuest&#8217;anno il titolo \u00e8 <strong>&#8220;Citt\u00e0&#8230; favolose&#8221;<\/strong>.<br \/>\nI personaggi delle fiabe e delle favole hanno deciso di fare un <strong>tour <\/strong>di alcuni dei <strong>pi\u00f9 famosi luoghi <\/strong>del mondo e noi ne <strong>abbiamo le prove!<\/strong><br \/>\nQuesto piccolo ma grande progetto \u00e8\u00a0<strong>unico<\/strong> perch\u00e8 \u00e8 stato interamente <strong>ideato<\/strong>, <strong>illustrato<\/strong> e <strong>impaginato<\/strong> dai nostri volontari proprio per noi.<br \/>\nIl calendario \u201cCITT\u00c0&#8230;FAVOLOSE!\u201d quindi non \u00e8 solo <strong>bellissimo <\/strong>ma \u00e8 anche <strong>buonissimo<\/strong>!<\/p>\n<p>Questa \u00e8 la seconda edizione&#8230; <strong>collezionali <\/strong>tutti!<br \/>\n______________________________<br \/>\nTi ricordiamo che con il Calendario 2023\u00a0<strong>sostieni i progetti e le attivit\u00e0 del Circolo Vega<\/strong>\u00a0e per questo ti <strong>ringraziamo <\/strong>di cuore!<br \/>\n______________________________<br \/>\n<strong>Ritira <\/strong>la tua copia presso il Circolo Vega <strong>risparmi <\/strong>il costo di spedizione! \ud83d\ude42<br \/>\n______________________________<\/p>\n<p>I calendari saranno spediti a partire dal<strong> 6 dicembre 2022<\/strong><\/p>\n","protected":false},"featured_media":7568,"comment_status":"closed","ping_status":"closed","template":"","meta":{"give_campaign_id":0},"product_brand":[],"product_cat":[26],"product_tag":[35],"class_list":{"0":"post-7642","1":"product","2":"type-product","3":"status-publish","4":"has-post-thumbnail","6":"product_cat-calendario","7":"product_tag-calendario-2023","9":"first","10":"instock","11":"sale","12":"featured","13":"shipping-taxable","14":"purchasable","15":"product-type-simple"},"yoast_head":"<!-- This site is optimized with the Yoast SEO plugin v27.4 - https:\/\/yoast.com\/product\/yoast-seo-wordpress\/ -->\n<title>Calendario 2023 &quot;Citt\u00e0... Favolose!&quot; - Circolo Vega<\/title>\n<meta name=\"robots\" content=\"index, follow, max-snippet:-1, max-image-preview:large, max-video-preview:-1\" \/>\n<link rel=\"canonical\" href=\"https:\/\/circolovega.org\/ws\/prodotto\/calendario-2023-citta-favolose\/\" \/>\n<meta property=\"og:locale\" content=\"it_IT\" \/>\n<meta property=\"og:type\" content=\"article\" \/>\n<meta property=\"og:title\" content=\"Calendario 2023 &quot;Citt\u00e0... Favolose!&quot; - Circolo Vega\" \/>\n<meta property=\"og:description\" content=\"Il calendario \u00e8, per il secondo anno, un modo di raccogliere fondi per sostenerci e continuare a offrire gratuitamente i nostri servizi a chi ne ha pi\u00f9 bisogno. Quest&#039;anno il titolo \u00e8 &quot;Citt\u00e0... favolose&quot;. I personaggi delle fiabe e delle favole hanno deciso di fare un tour di alcuni dei pi\u00f9 famosi luoghi del mondo e noi ne abbiamo le prove! Questo piccolo ma grande progetto \u00e8\u00a0unico perch\u00e8 \u00e8 stato interamente ideato, illustrato e impaginato dai nostri volontari proprio per noi. Il calendario \u201cCITT\u00c0...FAVOLOSE!\u201d quindi non \u00e8 solo bellissimo ma \u00e8 anche buonissimo!  Questa \u00e8 la seconda edizione... collezionali tutti! ______________________________ Ti ricordiamo che con il Calendario 2023\u00a0sostieni i progetti e le attivit\u00e0 del Circolo Vega\u00a0e per questo ti ringraziamo di cuore! ______________________________ Ritira la tua copia presso il Circolo Vega risparmi il costo di spedizione! :) ______________________________  I calendari saranno spediti a partire dal 6 dicembre 2022\" \/>\n<meta property=\"og:url\" content=\"https:\/\/circolovega.org\/ws\/prodotto\/calendario-2023-citta-favolose\/\" \/>\n<meta property=\"og:site_name\" content=\"Circolo Vega\" \/>\n<meta property=\"article:publisher\" content=\"https:\/\/www.facebook.com\/circoloVegarciragazzi\" \/>\n<meta property=\"article:modified_time\" content=\"2025-12-27T10:22:35+00:00\" \/>\n<meta property=\"og:image\" content=\"https:\/\/circolovega.org\/ws\/wp-content\/uploads\/2022\/11\/copertina-scaled.jpg\" \/>\n\t<meta property=\"og:image:width\" content=\"2560\" \/>\n\t<meta property=\"og:image:height\" content=\"2560\" \/>\n\t<meta property=\"og:image:type\" content=\"image\/jpeg\" \/>\n<meta name=\"twitter:card\" content=\"summary_large_image\" \/>\n<script type=\"application\/ld+json\" class=\"yoast-schema-graph\">{\"@context\":\"https:\\\/\\\/schema.org\",\"@graph\":[{\"@type\":\"WebPage\",\"@id\":\"https:\\\/\\\/circolovega.org\\\/ws\\\/prodotto\\\/calendario-2023-citta-favolose\\\/\",\"url\":\"https:\\\/\\\/circolovega.org\\\/ws\\\/prodotto\\\/calendario-2023-citta-favolose\\\/\",\"name\":\"Calendario 2023 \\\"Citt\u00e0... Favolose!\\\" - Circolo Vega\",\"isPartOf\":{\"@id\":\"https:\\\/\\\/circolovega.org\\\/ws\\\/#website\"},\"primaryImageOfPage\":{\"@id\":\"https:\\\/\\\/circolovega.org\\\/ws\\\/prodotto\\\/calendario-2023-citta-favolose\\\/#primaryimage\"},\"image\":{\"@id\":\"https:\\\/\\\/circolovega.org\\\/ws\\\/prodotto\\\/calendario-2023-citta-favolose\\\/#primaryimage\"},\"thumbnailUrl\":\"https:\\\/\\\/circolovega.org\\\/ws\\\/wp-content\\\/uploads\\\/2022\\\/11\\\/copertina-scaled.jpg\",\"datePublished\":\"2022-11-28T18:31:56+00:00\",\"dateModified\":\"2025-12-27T10:22:35+00:00\",\"breadcrumb\":{\"@id\":\"https:\\\/\\\/circolovega.org\\\/ws\\\/prodotto\\\/calendario-2023-citta-favolose\\\/#breadcrumb\"},\"inLanguage\":\"it-IT\",\"potentialAction\":[{\"@type\":\"ReadAction\",\"target\":[\"https:\\\/\\\/circolovega.org\\\/ws\\\/prodotto\\\/calendario-2023-citta-favolose\\\/\"]}]},{\"@type\":\"ImageObject\",\"inLanguage\":\"it-IT\",\"@id\":\"https:\\\/\\\/circolovega.org\\\/ws\\\/prodotto\\\/calendario-2023-citta-favolose\\\/#primaryimage\",\"url\":\"https:\\\/\\\/circolovega.org\\\/ws\\\/wp-content\\\/uploads\\\/2022\\\/11\\\/copertina-scaled.jpg\",\"contentUrl\":\"https:\\\/\\\/circolovega.org\\\/ws\\\/wp-content\\\/uploads\\\/2022\\\/11\\\/copertina-scaled.jpg\",\"width\":2560,\"height\":2560},{\"@type\":\"BreadcrumbList\",\"@id\":\"https:\\\/\\\/circolovega.org\\\/ws\\\/prodotto\\\/calendario-2023-citta-favolose\\\/#breadcrumb\",\"itemListElement\":[{\"@type\":\"ListItem\",\"position\":1,\"name\":\"Home\",\"item\":\"https:\\\/\\\/circolovega.org\\\/ws\\\/\"},{\"@type\":\"ListItem\",\"position\":2,\"name\":\"Negozio\",\"item\":\"https:\\\/\\\/circolovega.org\\\/ws\\\/negozio\\\/\"},{\"@type\":\"ListItem\",\"position\":3,\"name\":\"Calendario 2023 &#8220;Citt\u00e0&#8230; Favolose!&#8221;\"}]},{\"@type\":\"WebSite\",\"@id\":\"https:\\\/\\\/circolovega.org\\\/ws\\\/#website\",\"url\":\"https:\\\/\\\/circolovega.org\\\/ws\\\/\",\"name\":\"Circolo Vega\",\"description\":\"Piccoli che pensano in grande!\",\"publisher\":{\"@id\":\"https:\\\/\\\/circolovega.org\\\/ws\\\/#organization\"},\"potentialAction\":[{\"@type\":\"SearchAction\",\"target\":{\"@type\":\"EntryPoint\",\"urlTemplate\":\"https:\\\/\\\/circolovega.org\\\/ws\\\/?s={search_term_string}\"},\"query-input\":{\"@type\":\"PropertyValueSpecification\",\"valueRequired\":true,\"valueName\":\"search_term_string\"}}],\"inLanguage\":\"it-IT\"},{\"@type\":\"Organization\",\"@id\":\"https:\\\/\\\/circolovega.org\\\/ws\\\/#organization\",\"name\":\"Circolo Vega\",\"url\":\"https:\\\/\\\/circolovega.org\\\/ws\\\/\",\"logo\":{\"@type\":\"ImageObject\",\"inLanguage\":\"it-IT\",\"@id\":\"https:\\\/\\\/circolovega.org\\\/ws\\\/#\\\/schema\\\/logo\\\/image\\\/\",\"url\":\"https:\\\/\\\/circolovega.org\\\/ws\\\/wp-content\\\/uploads\\\/2022\\\/02\\\/Logo-vega-ridisegnato-1.png-1.png\",\"contentUrl\":\"https:\\\/\\\/circolovega.org\\\/ws\\\/wp-content\\\/uploads\\\/2022\\\/02\\\/Logo-vega-ridisegnato-1.png-1.png\",\"width\":98,\"height\":99,\"caption\":\"Circolo Vega\"},\"image\":{\"@id\":\"https:\\\/\\\/circolovega.org\\\/ws\\\/#\\\/schema\\\/logo\\\/image\\\/\"},\"sameAs\":[\"https:\\\/\\\/www.facebook.com\\\/circoloVegarciragazzi\",\"https:\\\/\\\/www.instagram.com\\\/stories\\\/circolovega\\\/\"]}]}<\/script>\n<!-- \/ Yoast SEO plugin. -->","yoast_head_json":{"title":"Calendario 2023 \"Citt\u00e0... Favolose!\" - Circolo Vega","robots":{"index":"index","follow":"follow","max-snippet":"max-snippet:-1","max-image-preview":"max-image-preview:large","max-video-preview":"max-video-preview:-1"},"canonical":"https:\/\/circolovega.org\/ws\/prodotto\/calendario-2023-citta-favolose\/","og_locale":"it_IT","og_type":"article","og_title":"Calendario 2023 \"Citt\u00e0... Favolose!\" - Circolo Vega","og_description":"Il calendario \u00e8, per il secondo anno, un modo di raccogliere fondi per sostenerci e continuare a offrire gratuitamente i nostri servizi a chi ne ha pi\u00f9 bisogno. Quest'anno il titolo \u00e8 \"Citt\u00e0... favolose\". I personaggi delle fiabe e delle favole hanno deciso di fare un tour di alcuni dei pi\u00f9 famosi luoghi del mondo e noi ne abbiamo le prove! Questo piccolo ma grande progetto \u00e8\u00a0unico perch\u00e8 \u00e8 stato interamente ideato, illustrato e impaginato dai nostri volontari proprio per noi. Il calendario \u201cCITT\u00c0...FAVOLOSE!\u201d quindi non \u00e8 solo bellissimo ma \u00e8 anche buonissimo!  Questa \u00e8 la seconda edizione... collezionali tutti! ______________________________ Ti ricordiamo che con il Calendario 2023\u00a0sostieni i progetti e le attivit\u00e0 del Circolo Vega\u00a0e per questo ti ringraziamo di cuore! ______________________________ Ritira la tua copia presso il Circolo Vega risparmi il costo di spedizione! :) ______________________________  I calendari saranno spediti a partire dal 6 dicembre 2022","og_url":"https:\/\/circolovega.org\/ws\/prodotto\/calendario-2023-citta-favolose\/","og_site_name":"Circolo Vega","article_publisher":"https:\/\/www.facebook.com\/circoloVegarciragazzi","article_modified_time":"2025-12-27T10:22:35+00:00","og_image":[{"width":2560,"height":2560,"url":"https:\/\/circolovega.org\/ws\/wp-content\/uploads\/2022\/11\/copertina-scaled.jpg","type":"image\/jpeg"}],"twitter_card":"summary_large_image","schema":{"@context":"https:\/\/schema.org","@graph":[{"@type":"WebPage","@id":"https:\/\/circolovega.org\/ws\/prodotto\/calendario-2023-citta-favolose\/","url":"https:\/\/circolovega.org\/ws\/prodotto\/calendario-2023-citta-favolose\/","name":"Calendario 2023 \"Citt\u00e0... Favolose!\" - Circolo Vega","isPartOf":{"@id":"https:\/\/circolovega.org\/ws\/#website"},"primaryImageOfPage":{"@id":"https:\/\/circolovega.org\/ws\/prodotto\/calendario-2023-citta-favolose\/#primaryimage"},"image":{"@id":"https:\/\/circolovega.org\/ws\/prodotto\/calendario-2023-citta-favolose\/#primaryimage"},"thumbnailUrl":"https:\/\/circolovega.org\/ws\/wp-content\/uploads\/2022\/11\/copertina-scaled.jpg","datePublished":"2022-11-28T18:31:56+00:00","dateModified":"2025-12-27T10:22:35+00:00","breadcrumb":{"@id":"https:\/\/circolovega.org\/ws\/prodotto\/calendario-2023-citta-favolose\/#breadcrumb"},"inLanguage":"it-IT","potentialAction":[{"@type":"ReadAction","target":["https:\/\/circolovega.org\/ws\/prodotto\/calendario-2023-citta-favolose\/"]}]},{"@type":"ImageObject","inLanguage":"it-IT","@id":"https:\/\/circolovega.org\/ws\/prodotto\/calendario-2023-citta-favolose\/#primaryimage","url":"https:\/\/circolovega.org\/ws\/wp-content\/uploads\/2022\/11\/copertina-scaled.jpg","contentUrl":"https:\/\/circolovega.org\/ws\/wp-content\/uploads\/2022\/11\/copertina-scaled.jpg","width":2560,"height":2560},{"@type":"BreadcrumbList","@id":"https:\/\/circolovega.org\/ws\/prodotto\/calendario-2023-citta-favolose\/#breadcrumb","itemListElement":[{"@type":"ListItem","position":1,"name":"Home","item":"https:\/\/circolovega.org\/ws\/"},{"@type":"ListItem","position":2,"name":"Negozio","item":"https:\/\/circolovega.org\/ws\/negozio\/"},{"@type":"ListItem","position":3,"name":"Calendario 2023 &#8220;Citt\u00e0&#8230; Favolose!&#8221;"}]},{"@type":"WebSite","@id":"https:\/\/circolovega.org\/ws\/#website","url":"https:\/\/circolovega.org\/ws\/","name":"Circolo Vega","description":"Piccoli che pensano in grande!","publisher":{"@id":"https:\/\/circolovega.org\/ws\/#organization"},"potentialAction":[{"@type":"SearchAction","target":{"@type":"EntryPoint","urlTemplate":"https:\/\/circolovega.org\/ws\/?s={search_term_string}"},"query-input":{"@type":"PropertyValueSpecification","valueRequired":true,"valueName":"search_term_string"}}],"inLanguage":"it-IT"},{"@type":"Organization","@id":"https:\/\/circolovega.org\/ws\/#organization","name":"Circolo Vega","url":"https:\/\/circolovega.org\/ws\/","logo":{"@type":"ImageObject","inLanguage":"it-IT","@id":"https:\/\/circolovega.org\/ws\/#\/schema\/logo\/image\/","url":"https:\/\/circolovega.org\/ws\/wp-content\/uploads\/2022\/02\/Logo-vega-ridisegnato-1.png-1.png","contentUrl":"https:\/\/circolovega.org\/ws\/wp-content\/uploads\/2022\/02\/Logo-vega-ridisegnato-1.png-1.png","width":98,"height":99,"caption":"Circolo Vega"},"image":{"@id":"https:\/\/circolovega.org\/ws\/#\/schema\/logo\/image\/"},"sameAs":["https:\/\/www.facebook.com\/circoloVegarciragazzi","https:\/\/www.instagram.com\/stories\/circolovega\/"]}]}},"tiered_pricing_type":"fixed","tiered_pricing_fixed_rules":[],"tiered_pricing_product_settings":{"layout":"default","base_unit_name":{"singular":null,"plural":null},"default_variation":null},"tiered_pricing_minimum_quantity":null,"tiered_pricing_roles_data":[],"tiered_pricing_percentage_rules":[],"_links":{"self":[{"href":"https:\/\/circolovega.org\/ws\/wp-json\/wp\/v2\/product\/7642","targetHints":{"allow":["GET"]}}],"collection":[{"href":"https:\/\/circolovega.org\/ws\/wp-json\/wp\/v2\/product"}],"about":[{"href":"https:\/\/circolovega.org\/ws\/wp-json\/wp\/v2\/types\/product"}],"replies":[{"embeddable":true,"href":"https:\/\/circolovega.org\/ws\/wp-json\/wp\/v2\/comments?post=7642"}],"wp:featuredmedia":[{"embeddable":true,"href":"https:\/\/circolovega.org\/ws\/wp-json\/wp\/v2\/media\/7568"}],"wp:attachment":[{"href":"https:\/\/circolovega.org\/ws\/wp-json\/wp\/v2\/media?parent=7642"}],"wp:term":[{"taxonomy":"product_brand","embeddable":true,"href":"https:\/\/circolovega.org\/ws\/wp-json\/wp\/v2\/product_brand?post=7642"},{"taxonomy":"product_cat","embeddable":true,"href":"https:\/\/circolovega.org\/ws\/wp-json\/wp\/v2\/product_cat?post=7642"},{"taxonomy":"product_tag","embeddable":true,"href":"https:\/\/circolovega.org\/ws\/wp-json\/wp\/v2\/product_tag?post=7642"}],"curies":[{"name":"wp","href":"https:\/\/api.w.org\/{rel}","templated":true}]}}