{"id":9636,"date":"2023-08-22T11:00:46","date_gmt":"2023-08-22T10:00:46","guid":{"rendered":"https:\/\/circolovega.org\/ws\/?page_id=9636"},"modified":"2023-08-22T11:33:41","modified_gmt":"2023-08-22T10:33:41","slug":"collaborano-universita","status":"publish","type":"page","link":"https:\/\/circolovega.org\/ws\/collaborano-universita\/","title":{"rendered":"COLLABORANO UNIVERSIT\u00c0"},"content":{"rendered":"<div data-colibri-id=\"9636-c1\" class=\"style-3223 style-local-9636-c1 position-relative\">\n  <!---->\n  <div data-colibri-component=\"section\" data-colibri-id=\"9636-c2\" id=\"content\" class=\"h-section h-section-global-spacing d-flex align-items-lg-center align-items-md-center align-items-center style-3224 style-local-9636-c2 position-relative\">\n    <!---->\n    <!---->\n    <div class=\"h-section-grid-container h-section-fluid-container\">\n      <!---->\n      <div data-colibri-id=\"9636-c3\" class=\"h-row-container gutters-row-lg-2 gutters-row-md-2 gutters-row-0 gutters-row-v-lg-2 gutters-row-v-md-2 gutters-row-v-2 style-3225 style-local-9636-c3 position-relative\">\n        <!---->\n        <div class=\"h-row justify-content-lg-center justify-content-md-center justify-content-center align-items-lg-stretch align-items-md-stretch align-items-stretch gutters-col-lg-2 gutters-col-md-2 gutters-col-0 gutters-col-v-lg-2 gutters-col-v-md-2 gutters-col-v-2\">\n          <!---->\n          <div class=\"h-column h-column-container d-flex h-col-lg-auto h-col-md-auto h-col-auto style-3226-outer style-local-9636-c4-outer\">\n            <div data-colibri-id=\"9636-c4\" class=\"d-flex h-flex-basis h-column__inner h-px-lg-2 h-px-md-2 h-px-2 v-inner-lg-2 v-inner-md-2 v-inner-2 style-3226 style-local-9636-c4 position-relative\">\n              <!---->\n              <!---->\n              <div class=\"w-100 h-y-container h-column__content h-column__v-align flex-basis-100 align-self-lg-start align-self-md-start align-self-start\">\n                <!---->\n                <div data-colibri-id=\"9636-c5\" class=\"h-global-transition-all h-heading style-3227 style-local-9636-c5 position-relative h-element\">\n                  <!---->\n                  <div class=\"h-heading__outer style-3227 style-local-9636-c5\">\n                    <!---->\n                    <!---->\n                    <h3 class=\"\"><span style=\"font-weight: 400; color: rgb(59, 59, 59);\">COLLABORANO CON NOI<\/span><\/h3>\n                  <\/div>\n                <\/div>\n              <\/div>\n            <\/div>\n          <\/div>\n        <\/div>\n      <\/div>\n    <\/div>\n  <\/div>\n  <div data-colibri-component=\"section\" data-colibri-id=\"9636-c6\" id=\"overlappable\" class=\"h-section h-section-global-spacing d-flex align-items-lg-center align-items-md-center align-items-center style-3228 style-local-9636-c6 position-relative\">\n    <!---->\n    <!---->\n    <div class=\"h-section-grid-container h-section-boxed-container\">\n      <!---->\n      <div data-colibri-id=\"9636-c7\" class=\"h-row-container gutters-row-lg-0 gutters-row-md-0 gutters-row-2 gutters-row-v-lg-0 gutters-row-v-md-0 gutters-row-v-2 style-3229 style-local-9636-c7 position-relative\">\n        <!---->\n        <div class=\"h-row justify-content-lg-start justify-content-md-start justify-content-start align-items-lg-stretch align-items-md-stretch align-items-stretch gutters-col-lg-0 gutters-col-md-0 gutters-col-2 gutters-col-v-lg-0 gutters-col-v-md-0 gutters-col-v-2\">\n          <!---->\n          <div class=\"h-column h-column-container d-flex h-col-lg-auto h-col-md-auto h-col-auto style-3230-outer style-local-9636-c8-outer\">\n            <div data-colibri-id=\"9636-c8\" class=\"d-flex h-flex-basis h-column__inner h-px-lg-3 h-px-md-3 h-px-2 v-inner-lg-3 v-inner-md-3 v-inner-2 style-3230 style-local-9636-c8 position-relative\">\n              <!---->\n              <!---->\n              <div class=\"w-100 h-y-container h-column__content h-column__v-align flex-basis-100 align-self-lg-center align-self-md-center align-self-center\">\n                <!---->\n                <div data-colibri-id=\"9636-c9\" class=\"h-icon style-3231 style-local-9636-c9 position-relative h-element\">\n                  <!----><span class=\"h-svg-icon h-icon__icon style-3231-icon style-local-9636-c9-icon\"><!--Icon by Font Awesome (https:\/\/fontawesome.com)-->\n    <svg version=\"1.1\" xmlns=\"http:\/\/www.w3.org\/2000\/svg\" xmlns:xlink=\"http:\/\/www.w3.org\/1999\/xlink\" id=\"signal\" viewBox=\"0 0 1792 1896.0833\">\n      <path d=\"M256 1440v192q0 14-9 23t-23 9H32q-14 0-23-9t-9-23v-192q0-14 9-23t23-9h192q14 0 23 9t9 23zm384-128v320q0 14-9 23t-23 9H416q-14 0-23-9t-9-23v-320q0-14 9-23t23-9h192q14 0 23 9t9 23zm384-256v576q0 14-9 23t-23 9H800q-14 0-23-9t-9-23v-576q0-14 9-23t23-9h192q14 0 23 9t9 23zm384-384v960q0 14-9 23t-23 9h-192q-14 0-23-9t-9-23V672q0-14 9-23t23-9h192q14 0 23 9t9 23zm384-512v1472q0 14-9 23t-23 9h-192q-14 0-23-9t-9-23V160q0-14 9-23t23-9h192q14 0 23 9t9 23z\"><\/path>\n    <\/svg><\/span><\/div>\n                <div data-colibri-id=\"9636-c10\" class=\"h-global-transition-all h-heading style-3232 style-local-9636-c10 position-relative h-element\">\n                  <!---->\n                  <div class=\"h-heading__outer style-3232 style-local-9636-c10\">\n                    <!---->\n                    <!---->\n                    <a href=\"https:\/\/circolovega.org\/ws\/spesa\/\" h-use-smooth-scroll=\"true\">\n                      <h5 class=\"\">UNIVERSIT\u00c0<\/h5>\n                    <\/a>\n                  <\/div>\n                <\/div>\n              <\/div>\n            <\/div>\n          <\/div>\n          <div class=\"h-column h-column-container d-flex h-col-lg-auto h-col-md-auto h-col-auto style-3233-outer style-local-9636-c11-outer\">\n            <div data-colibri-id=\"9636-c11\" class=\"d-flex h-flex-basis h-column__inner h-px-lg-2 h-px-md-2 h-px-2 v-inner-lg-2 v-inner-md-2 v-inner-2 style-3233 style-local-9636-c11 position-relative\">\n              <!---->\n              <!---->\n              <div class=\"w-100 h-y-container h-column__content h-column__v-align flex-basis-100 align-self-lg-center align-self-md-center align-self-center\">\n                <!---->\n                <div data-colibri-id=\"9636-c12\" class=\"h-text h-text-component style-3234 style-local-9636-c12 position-relative h-element\">\n                  <!---->\n                  <!---->\n                  <div class=\"\">\n                    <p>Universit\u00e0 degli Studi di Genova\n                      <br>Universit\u00e0 degli Studi di Milano-Bicocca<\/p>\n                  <\/div>\n                <\/div>\n              <\/div>\n            <\/div>\n          <\/div>\n        <\/div>\n      <\/div>\n    <\/div>\n  <\/div>\n<\/div>","protected":false},"excerpt":{"rendered":"<p>COLLABORANO CON NOI UNIVERSIT\u00c0 Universit\u00e0 degli Studi di Genova Universit\u00e0 degli Studi di Milano-Bicocca<\/p>\n","protected":false},"author":3,"featured_media":0,"parent":0,"menu_order":0,"comment_status":"closed","ping_status":"closed","template":"page-templates\/full-width-page.php","meta":{"give_campaign_id":0,"footnotes":""},"class_list":["post-9636","page","type-page","status-publish","hentry"],"yoast_head":"<!-- This site is optimized with the Yoast SEO plugin v27.4 - https:\/\/yoast.com\/product\/yoast-seo-wordpress\/ -->\n<title>COLLABORANO UNIVERSIT\u00c0 - Circolo Vega<\/title>\n<meta name=\"robots\" content=\"index, follow, max-snippet:-1, max-image-preview:large, max-video-preview:-1\" \/>\n<link rel=\"canonical\" href=\"https:\/\/circolovega.org\/ws\/collaborano-universita\/\" \/>\n<meta property=\"og:locale\" content=\"it_IT\" \/>\n<meta property=\"og:type\" content=\"article\" \/>\n<meta property=\"og:title\" content=\"COLLABORANO UNIVERSIT\u00c0 - Circolo Vega\" \/>\n<meta property=\"og:description\" content=\"COLLABORANO CON NOI UNIVERSIT\u00c0 Universit\u00e0 degli Studi di Genova Universit\u00e0 degli Studi di Milano-Bicocca\" \/>\n<meta property=\"og:url\" content=\"https:\/\/circolovega.org\/ws\/collaborano-universita\/\" \/>\n<meta property=\"og:site_name\" content=\"Circolo Vega\" \/>\n<meta property=\"article:publisher\" content=\"https:\/\/www.facebook.com\/circoloVegarciragazzi\" \/>\n<meta property=\"article:modified_time\" content=\"2023-08-22T10:33:41+00:00\" \/>\n<meta name=\"twitter:card\" content=\"summary_large_image\" \/>\n<script type=\"application\/ld+json\" class=\"yoast-schema-graph\">{\"@context\":\"https:\\\/\\\/schema.org\",\"@graph\":[{\"@type\":\"WebPage\",\"@id\":\"https:\\\/\\\/circolovega.org\\\/ws\\\/collaborano-universita\\\/\",\"url\":\"https:\\\/\\\/circolovega.org\\\/ws\\\/collaborano-universita\\\/\",\"name\":\"COLLABORANO UNIVERSIT\u00c0 - Circolo Vega\",\"isPartOf\":{\"@id\":\"https:\\\/\\\/circolovega.org\\\/ws\\\/#website\"},\"datePublished\":\"2023-08-22T10:00:46+00:00\",\"dateModified\":\"2023-08-22T10:33:41+00:00\",\"breadcrumb\":{\"@id\":\"https:\\\/\\\/circolovega.org\\\/ws\\\/collaborano-universita\\\/#breadcrumb\"},\"inLanguage\":\"it-IT\",\"potentialAction\":[{\"@type\":\"ReadAction\",\"target\":[\"https:\\\/\\\/circolovega.org\\\/ws\\\/collaborano-universita\\\/\"]}]},{\"@type\":\"BreadcrumbList\",\"@id\":\"https:\\\/\\\/circolovega.org\\\/ws\\\/collaborano-universita\\\/#breadcrumb\",\"itemListElement\":[{\"@type\":\"ListItem\",\"position\":1,\"name\":\"Home\",\"item\":\"https:\\\/\\\/circolovega.org\\\/ws\\\/\"},{\"@type\":\"ListItem\",\"position\":2,\"name\":\"COLLABORANO UNIVERSIT\u00c0\"}]},{\"@type\":\"WebSite\",\"@id\":\"https:\\\/\\\/circolovega.org\\\/ws\\\/#website\",\"url\":\"https:\\\/\\\/circolovega.org\\\/ws\\\/\",\"name\":\"Circolo Vega\",\"description\":\"Piccoli che pensano in grande!\",\"publisher\":{\"@id\":\"https:\\\/\\\/circolovega.org\\\/ws\\\/#organization\"},\"potentialAction\":[{\"@type\":\"SearchAction\",\"target\":{\"@type\":\"EntryPoint\",\"urlTemplate\":\"https:\\\/\\\/circolovega.org\\\/ws\\\/?s={search_term_string}\"},\"query-input\":{\"@type\":\"PropertyValueSpecification\",\"valueRequired\":true,\"valueName\":\"search_term_string\"}}],\"inLanguage\":\"it-IT\"},{\"@type\":\"Organization\",\"@id\":\"https:\\\/\\\/circolovega.org\\\/ws\\\/#organization\",\"name\":\"Circolo Vega\",\"url\":\"https:\\\/\\\/circolovega.org\\\/ws\\\/\",\"logo\":{\"@type\":\"ImageObject\",\"inLanguage\":\"it-IT\",\"@id\":\"https:\\\/\\\/circolovega.org\\\/ws\\\/#\\\/schema\\\/logo\\\/image\\\/\",\"url\":\"https:\\\/\\\/circolovega.org\\\/ws\\\/wp-content\\\/uploads\\\/2022\\\/02\\\/Logo-vega-ridisegnato-1.png-1.png\",\"contentUrl\":\"https:\\\/\\\/circolovega.org\\\/ws\\\/wp-content\\\/uploads\\\/2022\\\/02\\\/Logo-vega-ridisegnato-1.png-1.png\",\"width\":98,\"height\":99,\"caption\":\"Circolo Vega\"},\"image\":{\"@id\":\"https:\\\/\\\/circolovega.org\\\/ws\\\/#\\\/schema\\\/logo\\\/image\\\/\"},\"sameAs\":[\"https:\\\/\\\/www.facebook.com\\\/circoloVegarciragazzi\",\"https:\\\/\\\/www.instagram.com\\\/stories\\\/circolovega\\\/\"]}]}<\/script>\n<!-- \/ Yoast SEO plugin. -->","yoast_head_json":{"title":"COLLABORANO UNIVERSIT\u00c0 - Circolo Vega","robots":{"index":"index","follow":"follow","max-snippet":"max-snippet:-1","max-image-preview":"max-image-preview:large","max-video-preview":"max-video-preview:-1"},"canonical":"https:\/\/circolovega.org\/ws\/collaborano-universita\/","og_locale":"it_IT","og_type":"article","og_title":"COLLABORANO UNIVERSIT\u00c0 - Circolo Vega","og_description":"COLLABORANO CON NOI UNIVERSIT\u00c0 Universit\u00e0 degli Studi di Genova Universit\u00e0 degli Studi di Milano-Bicocca","og_url":"https:\/\/circolovega.org\/ws\/collaborano-universita\/","og_site_name":"Circolo Vega","article_publisher":"https:\/\/www.facebook.com\/circoloVegarciragazzi","article_modified_time":"2023-08-22T10:33:41+00:00","twitter_card":"summary_large_image","schema":{"@context":"https:\/\/schema.org","@graph":[{"@type":"WebPage","@id":"https:\/\/circolovega.org\/ws\/collaborano-universita\/","url":"https:\/\/circolovega.org\/ws\/collaborano-universita\/","name":"COLLABORANO UNIVERSIT\u00c0 - Circolo Vega","isPartOf":{"@id":"https:\/\/circolovega.org\/ws\/#website"},"datePublished":"2023-08-22T10:00:46+00:00","dateModified":"2023-08-22T10:33:41+00:00","breadcrumb":{"@id":"https:\/\/circolovega.org\/ws\/collaborano-universita\/#breadcrumb"},"inLanguage":"it-IT","potentialAction":[{"@type":"ReadAction","target":["https:\/\/circolovega.org\/ws\/collaborano-universita\/"]}]},{"@type":"BreadcrumbList","@id":"https:\/\/circolovega.org\/ws\/collaborano-universita\/#breadcrumb","itemListElement":[{"@type":"ListItem","position":1,"name":"Home","item":"https:\/\/circolovega.org\/ws\/"},{"@type":"ListItem","position":2,"name":"COLLABORANO UNIVERSIT\u00c0"}]},{"@type":"WebSite","@id":"https:\/\/circolovega.org\/ws\/#website","url":"https:\/\/circolovega.org\/ws\/","name":"Circolo Vega","description":"Piccoli che pensano in grande!","publisher":{"@id":"https:\/\/circolovega.org\/ws\/#organization"},"potentialAction":[{"@type":"SearchAction","target":{"@type":"EntryPoint","urlTemplate":"https:\/\/circolovega.org\/ws\/?s={search_term_string}"},"query-input":{"@type":"PropertyValueSpecification","valueRequired":true,"valueName":"search_term_string"}}],"inLanguage":"it-IT"},{"@type":"Organization","@id":"https:\/\/circolovega.org\/ws\/#organization","name":"Circolo Vega","url":"https:\/\/circolovega.org\/ws\/","logo":{"@type":"ImageObject","inLanguage":"it-IT","@id":"https:\/\/circolovega.org\/ws\/#\/schema\/logo\/image\/","url":"https:\/\/circolovega.org\/ws\/wp-content\/uploads\/2022\/02\/Logo-vega-ridisegnato-1.png-1.png","contentUrl":"https:\/\/circolovega.org\/ws\/wp-content\/uploads\/2022\/02\/Logo-vega-ridisegnato-1.png-1.png","width":98,"height":99,"caption":"Circolo Vega"},"image":{"@id":"https:\/\/circolovega.org\/ws\/#\/schema\/logo\/image\/"},"sameAs":["https:\/\/www.facebook.com\/circoloVegarciragazzi","https:\/\/www.instagram.com\/stories\/circolovega\/"]}]}},"campaignId":"","_links":{"self":[{"href":"https:\/\/circolovega.org\/ws\/wp-json\/wp\/v2\/pages\/9636","targetHints":{"allow":["GET"]}}],"collection":[{"href":"https:\/\/circolovega.org\/ws\/wp-json\/wp\/v2\/pages"}],"about":[{"href":"https:\/\/circolovega.org\/ws\/wp-json\/wp\/v2\/types\/page"}],"author":[{"embeddable":true,"href":"https:\/\/circolovega.org\/ws\/wp-json\/wp\/v2\/users\/3"}],"replies":[{"embeddable":true,"href":"https:\/\/circolovega.org\/ws\/wp-json\/wp\/v2\/comments?post=9636"}],"version-history":[{"count":11,"href":"https:\/\/circolovega.org\/ws\/wp-json\/wp\/v2\/pages\/9636\/revisions"}],"predecessor-version":[{"id":9711,"href":"https:\/\/circolovega.org\/ws\/wp-json\/wp\/v2\/pages\/9636\/revisions\/9711"}],"wp:attachment":[{"href":"https:\/\/circolovega.org\/ws\/wp-json\/wp\/v2\/media?parent=9636"}],"curies":[{"name":"wp","href":"https:\/\/api.w.org\/{rel}","templated":true}]}}