{"id":9090,"date":"2023-08-16T18:58:38","date_gmt":"2023-08-16T17:58:38","guid":{"rendered":"https:\/\/circolovega.org\/ws\/?page_id=9090"},"modified":"2024-07-04T11:59:21","modified_gmt":"2024-07-04T10:59:21","slug":"la-rete-che-unisce","status":"publish","type":"page","link":"https:\/\/circolovega.org\/ws\/la-rete-che-unisce\/","title":{"rendered":"La rete che unisce"},"content":{"rendered":"<div data-colibri-id=\"9090-c1\" class=\"style-3030 style-local-9090-c1 position-relative\">\n  <!---->\n  <div data-colibri-component=\"section\" data-colibri-id=\"9090-c2\" id=\"about\" class=\"h-section h-section-global-spacing d-flex align-items-lg-center align-items-md-center align-items-center style-3031 style-local-9090-c2 position-relative\">\n    <!---->\n    <!---->\n    <div class=\"h-section-grid-container h-section-boxed-container\">\n      <!---->\n      <div data-colibri-id=\"9090-c3\" class=\"h-row-container gutters-row-lg-2 gutters-row-md-2 gutters-row-0 gutters-row-v-lg-2 gutters-row-v-md-2 gutters-row-v-2 style-3032 style-local-9090-c3 position-relative\">\n        <!---->\n        <div class=\"h-row justify-content-lg-center justify-content-md-center justify-content-center align-items-lg-stretch align-items-md-stretch align-items-stretch gutters-col-lg-2 gutters-col-md-2 gutters-col-0 gutters-col-v-lg-2 gutters-col-v-md-2 gutters-col-v-2\">\n          <!---->\n          <div class=\"h-column h-column-container d-flex h-col-lg-auto h-col-md-auto h-col-auto style-3033-outer style-local-9090-c4-outer\">\n            <div data-colibri-id=\"9090-c4\" class=\"d-flex h-flex-basis h-column__inner h-px-lg-2 h-px-md-2 h-px-2 v-inner-lg-2 v-inner-md-2 v-inner-2 style-3033 style-local-9090-c4 position-relative\">\n              <!---->\n              <!---->\n              <div class=\"w-100 h-y-container h-column__content h-column__v-align flex-basis-100 align-self-lg-start align-self-md-start align-self-start\">\n                <!---->\n                <div data-colibri-id=\"9090-c5\" class=\"h-x-container style-3034 style-local-9090-c5 position-relative h-element\">\n                  <!---->\n                  <div class=\"h-x-container-inner style-dynamic-9090-c5-group style-3034-spacing style-local-9090-c5-spacing\"><span class=\"h-button__outer style-3035-outer style-local-9090-c6-outer d-inline-flex h-element\"><a h-use-smooth-scroll=\"true\" href=\"https:\/\/circolovega.org\/ws\/cosa-facciamo\/\"  data-colibri-id=\"9090-c6\" class=\"d-flex w-100 align-items-center h-button justify-content-lg-center justify-content-md-center justify-content-center style-3035 style-local-9090-c6 position-relative\"><!----><span  class=\"h-svg-icon h-button__icon style-3035-icon style-local-9090-c6-icon\"><!--Icon by Font Awesome (https:\/\/fontawesome.com)-->\n    <svg version=\"1.1\" xmlns=\"http:\/\/www.w3.org\/2000\/svg\" xmlns:xlink=\"http:\/\/www.w3.org\/1999\/xlink\" id=\"star\" viewBox=\"0 0 1664 1896.0833\">\n      <path d=\"M1664 647q0 22-26 48l-363 354 86 500q1 7 1 20 0 21-10.5 35.5T1321 1619q-19 0-40-12l-449-236-449 236q-22 12-40 12-21 0-31.5-14.5T301 1569q0-6 2-20l86-500L25 695Q0 668 0 647q0-37 56-46l502-73L783 73q19-41 49-41t49 41l225 455 502 73q56 9 56 46z\"><\/path>\n    <\/svg><\/span> <span>TORNA<\/span><\/a>\n                    <\/span>\n                  <\/div>\n                <\/div>\n              <\/div>\n            <\/div>\n          <\/div>\n        <\/div>\n      <\/div>\n      <div data-colibri-id=\"9090-c7\" class=\"h-row-container gutters-row-lg-1 gutters-row-md-1 gutters-row-2 gutters-row-v-lg-1 gutters-row-v-md-1 gutters-row-v-2 style-3036 style-local-9090-c7 position-relative\">\n        <!---->\n        <div class=\"h-row justify-content-lg-start justify-content-md-start justify-content-start align-items-lg-center align-items-md-center align-items-center gutters-col-lg-1 gutters-col-md-1 gutters-col-2 gutters-col-v-lg-1 gutters-col-v-md-1 gutters-col-v-2\">\n          <!---->\n          <div class=\"h-column h-column-container d-flex h-col-lg-auto h-col-md-auto h-col-auto align-self-lg-center align-self-md-center align-self-center style-3037-outer style-local-9090-c8-outer\">\n            <div data-colibri-id=\"9090-c8\" class=\"d-flex h-flex-basis h-column__inner h-px-lg-1 h-px-md-1 h-px-1 v-inner-lg-1 v-inner-md-1 v-inner-1 style-3037 style-local-9090-c8 position-relative\">\n              <!---->\n              <!---->\n              <div class=\"w-100 h-y-container h-column__content h-column__v-align flex-basis-100 align-self-lg-start align-self-md-start align-self-start\">\n                <!---->\n                <div data-colibri-id=\"9090-c9\" class=\"d-block style-3038 style-local-9090-c9 position-relative h-element\">\n                  <!---->\n                  <div class=\"h-image__frame-container-outer\">\n                    <div class=\"h-image__frame-container\">\n                      <!---->\n                      <!---->\n                      <img loading=\"lazy\" decoding=\"async\" width=\"300\" height=\"300\" src=\"https:\/\/circolovega.org\/ws\/wp-content\/uploads\/2024\/07\/VASI_COMUNICANTI.jpg\" class=\"wp-image-13224 style-3038-image style-local-9090-c9-image\" alt=\"\" srcset=\"https:\/\/circolovega.org\/ws\/wp-content\/uploads\/2024\/07\/VASI_COMUNICANTI.jpg 300w, https:\/\/circolovega.org\/ws\/wp-content\/uploads\/2024\/07\/VASI_COMUNICANTI-100x100.jpg 100w, https:\/\/circolovega.org\/ws\/wp-content\/uploads\/2024\/07\/VASI_COMUNICANTI-150x150.jpg 150w, https:\/\/circolovega.org\/ws\/wp-content\/uploads\/2024\/07\/VASI_COMUNICANTI-60x60.jpg 60w, https:\/\/circolovega.org\/ws\/wp-content\/uploads\/2024\/07\/VASI_COMUNICANTI-90x90.jpg 90w\" sizes=\"auto, (max-width: 300px) 100vw, 300px\" \/>\n                      <div class=\"h-image__frame h-hide-lg h-hide-md h-hide-sm style-3038-frameImage style-local-9090-c9-frameImage\"><\/div>\n                    <\/div>\n                  <\/div>\n                <\/div>\n              <\/div>\n            <\/div>\n          <\/div>\n          <div class=\"h-column h-column-container d-flex h-col-lg-auto h-col-md-auto h-col-auto align-self-lg-center align-self-md-center align-self-center style-3039-outer style-local-9090-c10-outer\">\n            <div data-colibri-id=\"9090-c10\" class=\"d-flex h-flex-basis h-column__inner h-px-lg-0 h-px-md-0 h-px-0 v-inner-lg-0 v-inner-md-0 v-inner-0 style-3039 style-local-9090-c10 position-relative\">\n              <!---->\n              <!---->\n              <div class=\"w-100 h-y-container h-column__content h-column__v-align flex-basis-100 align-self-lg-center align-self-md-center align-self-center\">\n                <!---->\n                <div data-colibri-id=\"9090-c11\" class=\"h-global-transition-all h-heading style-3040 style-local-9090-c11 position-relative h-element\">\n                  <!---->\n                  <div class=\"h-heading__outer style-3040 style-local-9090-c11\">\n                    <!---->\n                    <!---->\n                    <h5 class=\"\"><span style=\"color: rgb(157, 18, 5);\">vasi comunicanti<\/span><\/h5>\n                  <\/div>\n                <\/div>\n              <\/div>\n            <\/div>\n          <\/div>\n          <div class=\"h-column h-column-container d-flex h-col-lg-auto h-col-md-auto h-col-auto align-self-lg-center align-self-md-center align-self-center style-3779-outer style-local-9090-c20-outer\">\n            <div data-colibri-id=\"9090-c20\" class=\"d-flex h-flex-basis h-column__inner h-px-lg-1 h-px-md-1 h-px-1 v-inner-lg-1 v-inner-md-1 v-inner-1 style-3779 style-local-9090-c20 position-relative\">\n              <!---->\n              <!---->\n              <div class=\"w-100 h-y-container h-column__content h-column__v-align flex-basis-100 align-self-lg-start align-self-md-start align-self-start\">\n                <!---->\n                <div data-colibri-id=\"9090-c22\" class=\"h-text h-text-component style-3781 style-local-9090-c22 position-relative h-element\">\n                  <!---->\n                  <!---->\n                  <div class=\"\">\n                    <p><span style=\"font-weight: 500; font-size: 14px; font-family: Roboto, Helvetica, Arial, Lucida, sans-serif; color: rgb(102, 102, 102);\">Questo progetto \u00e8 realizzato grazie al finanziamento di<\/span><\/p>\n                  <\/div>\n                <\/div>\n                <div data-colibri-id=\"9090-c23\" class=\"d-block style-3782 style-local-9090-c23 position-relative h-element\">\n                  <!---->\n                  <div class=\"h-image__frame-container-outer\">\n                    <div class=\"h-image__frame-container\">\n                      <!---->\n                      <!---->\n                      <img loading=\"lazy\" decoding=\"async\" width=\"199\" height=\"93\" src=\"https:\/\/circolovega.org\/ws\/wp-content\/uploads\/2024\/07\/Cosa_facciamo.jpg\" class=\"wp-image-13248 style-3782-image style-local-9090-c23-image\" alt=\"\" srcset=\"https:\/\/circolovega.org\/ws\/wp-content\/uploads\/2024\/07\/Cosa_facciamo.jpg 199w, https:\/\/circolovega.org\/ws\/wp-content\/uploads\/2024\/07\/Cosa_facciamo-128x60.jpg 128w, https:\/\/circolovega.org\/ws\/wp-content\/uploads\/2024\/07\/Cosa_facciamo-193x90.jpg 193w\" sizes=\"auto, (max-width: 199px) 100vw, 199px\" \/>\n                      <div class=\"h-image__frame h-hide-lg h-hide-md h-hide-sm style-3782-frameImage style-local-9090-c23-frameImage\"><\/div>\n                    <\/div>\n                  <\/div>\n                <\/div>\n              <\/div>\n            <\/div>\n          <\/div>\n        <\/div>\n      <\/div>\n      <div data-colibri-id=\"9090-c12\" class=\"h-row-container gutters-row-lg-2 gutters-row-md-2 gutters-row-0 gutters-row-v-lg-2 gutters-row-v-md-2 gutters-row-v-2 style-3049 style-local-9090-c12 position-relative\">\n        <!---->\n        <div class=\"h-row justify-content-lg-center justify-content-md-center justify-content-center align-items-lg-stretch align-items-md-stretch align-items-stretch gutters-col-lg-2 gutters-col-md-2 gutters-col-0 gutters-col-v-lg-2 gutters-col-v-md-2 gutters-col-v-2\">\n          <!---->\n          <div class=\"h-column h-column-container d-flex h-col-lg-auto h-col-md-auto h-col-auto style-3050-outer style-local-9090-c13-outer\">\n            <div data-colibri-id=\"9090-c13\" class=\"d-flex h-flex-basis h-column__inner h-px-lg-2 h-px-md-2 h-px-2 v-inner-lg-2 v-inner-md-2 v-inner-2 style-3050 style-local-9090-c13 position-relative\">\n              <!---->\n              <!---->\n              <div class=\"w-100 h-y-container h-column__content h-column__v-align flex-basis-100 align-self-lg-start align-self-md-start align-self-start\">\n                <!---->\n                <div data-colibri-id=\"9090-c14\" class=\"h-text h-text-component style-3051 style-local-9090-c14 position-relative h-element\">\n                  <!---->\n                  <!---->\n                  <div class=\"\">\n                    <p><span style=\"color: rgb(59, 59, 59); font-family: Lato; font-size: 16px; font-weight: 400;\"> Nell\u2019ambito del progetto il Circolo Vega realizza attivit\u00e0 di inclusione, orientamento e sostegno rivolte a minori e giovani adulti, coinvolgendo i destinatari in percorsi di giustizia riparativa e prevenzione alla recidiva.<\/span><\/p>\n                  <\/div>\n                <\/div>\n              <\/div>\n            <\/div>\n          <\/div>\n        <\/div>\n      <\/div>\n      <div data-colibri-id=\"9090-c15\" class=\"h-row-container gutters-row-lg-3 gutters-row-md-3 gutters-row-2 gutters-row-v-lg-3 gutters-row-v-md-3 gutters-row-v-3 style-3042 style-local-9090-c15 position-relative\">\n        <!---->\n        <div class=\"h-row justify-content-lg-start justify-content-md-start justify-content-start align-items-lg-stretch align-items-md-stretch align-items-stretch gutters-col-lg-3 gutters-col-md-3 gutters-col-2 gutters-col-v-lg-3 gutters-col-v-md-3 gutters-col-v-3\">\n          <!---->\n          <div class=\"h-column h-column-container d-flex h-col-lg-6 h-col-md-6 h-col-12 style-3043-outer style-local-9090-c16-outer\">\n            <div data-colibri-id=\"9090-c16\" class=\"d-flex h-flex-basis h-column__inner h-px-lg-0 h-px-md-0 h-px-0 v-inner-lg-0 v-inner-md-0 v-inner-0 style-3043 style-local-9090-c16 position-relative\">\n              <!---->\n              <!---->\n              <div class=\"w-100 h-y-container h-column__content h-column__v-align flex-basis-100 align-self-lg-start align-self-md-start align-self-start\">\n                <!---->\n                <div data-colibri-id=\"9090-c17\" class=\"h-text h-text-component style-3044 style-local-9090-c17 position-relative h-element\">\n                  <!---->\n                  <!---->\n                  <div class=\"\">\n                    <p><strong style=\"color: rgb(59, 59, 59);\">S.P.E.M. SERVIZIO DI PROGETTAZIONE EDUCATIVA MINORI A RISCHIO DI RECIDIVA<\/strong><span style=\"color: rgb(59, 59, 59);\"><br>Nato dal 2006, attiva una rete di sostegno immediato nella fase pre processuale, rivolto ai minori ai primi reati, anche infraquattordicenni e quindi non imputabili.<\/span><\/p>\n                    <p><strong style=\"color: rgb(59, 59, 59);\">RIPASSO LA LEGALIT\u00c0: GRUPPI DI RIFLESSIONE SUI TEMI DELLA GIUSTIZIA<\/strong><span style=\"color: rgb(59, 59, 59);\"><br>A favore di giovani in carico ai servizi della Giustizia Minori (USSM) e Adulti (UEPE): un modello di intervento complesso che agevola la riflessione collettiva sugli strappi sociali originati o che si sono espressi attraverso un reato.<\/span><\/p>\n                    <p><strong style=\"color: rgb(59, 59, 59);\">SP.IN. MINORI<br><\/strong><span style=\"color: rgb(59, 59, 59);\">Azioni di sostegno, orientamento e accompagnamento al reinserimento sociale dei minori e dei giovani adulti (in carico all\u2019USSM) sottoposti a provvedimenti penali.<\/span><\/p>\n                  <\/div>\n                <\/div>\n              <\/div>\n            <\/div>\n          <\/div>\n          <div class=\"h-column h-column-container d-flex h-col-lg-6 h-col-md-6 h-col-12 style-3045-outer style-local-9090-c18-outer\">\n            <div data-colibri-id=\"9090-c18\" class=\"d-flex h-flex-basis h-column__inner h-px-lg-0 h-px-md-0 h-px-0 v-inner-lg-0 v-inner-md-0 v-inner-0 style-3045 style-local-9090-c18 position-relative\">\n              <!---->\n              <!---->\n              <div class=\"w-100 h-y-container h-column__content h-column__v-align flex-basis-100 align-self-lg-start align-self-md-start align-self-start\">\n                <!---->\n                <div data-colibri-id=\"9090-c19\" class=\"h-text h-text-component style-3046 style-local-9090-c19 position-relative h-element\">\n                  <!---->\n                  <!---->\n                  <div class=\"\">\n                    <p><strong>RE.LIG.<br><\/strong>Sviluppato dal 2014 sul territorio della provincia di Savona. All\u2019interno di un progetto pi\u00f9 ampio il Circolo Vega organizza percorsi individualizzati e di gruppo, rivolti a minori e giovani adulti del penale.<\/p>\n                    <p><strong>MESSA ALLA PROVA (MAP) MINORI<br><\/strong>A partire da un protocollo d\u2019intesa stipulato nel 1998 tra il Ministero di Grazia e Giustizia e l\u2019Associazione nazionale Arci Ragazzi, \u00e8 stato poi siglato un accordo operativo territoriale\n                      tra i Servizi Minorili della Giustizia e il Circolo Vega. Tale intesa \u00e8 finalizzata a offrire la possibilit\u00e0 a ragazz* in messa alla prova di far parte delle attivit\u00e0 del circolo in qualit\u00e0 di volontari.<\/p>\n                    <p><strong>MESSA ALLA PROVA (MAP) adulti<br><\/strong>Dal 2018 \u00e8 in essere con il Tribunale di Genova una convenzione per lo svolgimento del lavoro di pubblica utilit\u00e0. Gli adulti in messa alla prova vengono inseriti all\u2019interno delle\n                      attivit\u00e0 del circolo e lavorano in sinergia con altri volontari e operatori. Nel caso di giovani adulti viene posta un\u2019attenzione di tipo educativo.<\/p>\n                  <\/div>\n                <\/div>\n              <\/div>\n            <\/div>\n          <\/div>\n        <\/div>\n      <\/div>\n    <\/div>\n  <\/div>\n<\/div>","protected":false},"excerpt":{"rendered":"<p>TORNA vasi comunicanti Questo progetto \u00e8 realizzato grazie al finanziamento di Nell\u2019ambito del progetto il Circolo Vega realizza attivit\u00e0 di [&hellip;]<\/p>\n","protected":false},"author":3,"featured_media":0,"parent":0,"menu_order":0,"comment_status":"closed","ping_status":"closed","template":"page-templates\/full-width-page.php","meta":{"give_campaign_id":0,"footnotes":""},"class_list":["post-9090","page","type-page","status-publish","hentry"],"yoast_head":"<!-- This site is optimized with the Yoast SEO plugin v27.4 - https:\/\/yoast.com\/product\/yoast-seo-wordpress\/ -->\n<title>La rete che unisce - Circolo Vega<\/title>\n<meta name=\"robots\" content=\"index, follow, max-snippet:-1, max-image-preview:large, max-video-preview:-1\" \/>\n<link rel=\"canonical\" href=\"https:\/\/circolovega.org\/ws\/la-rete-che-unisce\/\" \/>\n<meta property=\"og:locale\" content=\"it_IT\" \/>\n<meta property=\"og:type\" content=\"article\" \/>\n<meta property=\"og:title\" content=\"La rete che unisce - Circolo Vega\" \/>\n<meta property=\"og:description\" content=\"TORNA vasi comunicanti Questo progetto \u00e8 realizzato grazie al finanziamento di Nell\u2019ambito del progetto il Circolo Vega realizza attivit\u00e0 di [&hellip;]\" \/>\n<meta property=\"og:url\" content=\"https:\/\/circolovega.org\/ws\/la-rete-che-unisce\/\" \/>\n<meta property=\"og:site_name\" content=\"Circolo Vega\" \/>\n<meta property=\"article:publisher\" content=\"https:\/\/www.facebook.com\/circoloVegarciragazzi\" \/>\n<meta property=\"article:modified_time\" content=\"2024-07-04T10:59:21+00:00\" \/>\n<meta property=\"og:image\" content=\"https:\/\/circolovega.org\/ws\/wp-content\/uploads\/2024\/07\/VASI_COMUNICANTI.jpg\" \/>\n<meta name=\"twitter:card\" content=\"summary_large_image\" \/>\n<meta name=\"twitter:label1\" content=\"Tempo di lettura stimato\" \/>\n\t<meta name=\"twitter:data1\" content=\"2 minuti\" \/>\n<script type=\"application\/ld+json\" class=\"yoast-schema-graph\">{\"@context\":\"https:\\\/\\\/schema.org\",\"@graph\":[{\"@type\":\"WebPage\",\"@id\":\"https:\\\/\\\/circolovega.org\\\/ws\\\/la-rete-che-unisce\\\/\",\"url\":\"https:\\\/\\\/circolovega.org\\\/ws\\\/la-rete-che-unisce\\\/\",\"name\":\"La rete che unisce - Circolo Vega\",\"isPartOf\":{\"@id\":\"https:\\\/\\\/circolovega.org\\\/ws\\\/#website\"},\"primaryImageOfPage\":{\"@id\":\"https:\\\/\\\/circolovega.org\\\/ws\\\/la-rete-che-unisce\\\/#primaryimage\"},\"image\":{\"@id\":\"https:\\\/\\\/circolovega.org\\\/ws\\\/la-rete-che-unisce\\\/#primaryimage\"},\"thumbnailUrl\":\"https:\\\/\\\/circolovega.org\\\/ws\\\/wp-content\\\/uploads\\\/2024\\\/07\\\/VASI_COMUNICANTI.jpg\",\"datePublished\":\"2023-08-16T17:58:38+00:00\",\"dateModified\":\"2024-07-04T10:59:21+00:00\",\"breadcrumb\":{\"@id\":\"https:\\\/\\\/circolovega.org\\\/ws\\\/la-rete-che-unisce\\\/#breadcrumb\"},\"inLanguage\":\"it-IT\",\"potentialAction\":[{\"@type\":\"ReadAction\",\"target\":[\"https:\\\/\\\/circolovega.org\\\/ws\\\/la-rete-che-unisce\\\/\"]}]},{\"@type\":\"ImageObject\",\"inLanguage\":\"it-IT\",\"@id\":\"https:\\\/\\\/circolovega.org\\\/ws\\\/la-rete-che-unisce\\\/#primaryimage\",\"url\":\"https:\\\/\\\/circolovega.org\\\/ws\\\/wp-content\\\/uploads\\\/2024\\\/07\\\/VASI_COMUNICANTI.jpg\",\"contentUrl\":\"https:\\\/\\\/circolovega.org\\\/ws\\\/wp-content\\\/uploads\\\/2024\\\/07\\\/VASI_COMUNICANTI.jpg\",\"width\":300,\"height\":300,\"caption\":\"Nell\u2019ambito del progetto il Circolo Vega realizza attivit\u00e0 di inclusione, orientamento e sostegno rivolte a minori e giovani adulti...\"},{\"@type\":\"BreadcrumbList\",\"@id\":\"https:\\\/\\\/circolovega.org\\\/ws\\\/la-rete-che-unisce\\\/#breadcrumb\",\"itemListElement\":[{\"@type\":\"ListItem\",\"position\":1,\"name\":\"Home\",\"item\":\"https:\\\/\\\/circolovega.org\\\/ws\\\/\"},{\"@type\":\"ListItem\",\"position\":2,\"name\":\"La rete che unisce\"}]},{\"@type\":\"WebSite\",\"@id\":\"https:\\\/\\\/circolovega.org\\\/ws\\\/#website\",\"url\":\"https:\\\/\\\/circolovega.org\\\/ws\\\/\",\"name\":\"Circolo Vega\",\"description\":\"Piccoli che pensano in grande!\",\"publisher\":{\"@id\":\"https:\\\/\\\/circolovega.org\\\/ws\\\/#organization\"},\"potentialAction\":[{\"@type\":\"SearchAction\",\"target\":{\"@type\":\"EntryPoint\",\"urlTemplate\":\"https:\\\/\\\/circolovega.org\\\/ws\\\/?s={search_term_string}\"},\"query-input\":{\"@type\":\"PropertyValueSpecification\",\"valueRequired\":true,\"valueName\":\"search_term_string\"}}],\"inLanguage\":\"it-IT\"},{\"@type\":\"Organization\",\"@id\":\"https:\\\/\\\/circolovega.org\\\/ws\\\/#organization\",\"name\":\"Circolo Vega\",\"url\":\"https:\\\/\\\/circolovega.org\\\/ws\\\/\",\"logo\":{\"@type\":\"ImageObject\",\"inLanguage\":\"it-IT\",\"@id\":\"https:\\\/\\\/circolovega.org\\\/ws\\\/#\\\/schema\\\/logo\\\/image\\\/\",\"url\":\"https:\\\/\\\/circolovega.org\\\/ws\\\/wp-content\\\/uploads\\\/2022\\\/02\\\/Logo-vega-ridisegnato-1.png-1.png\",\"contentUrl\":\"https:\\\/\\\/circolovega.org\\\/ws\\\/wp-content\\\/uploads\\\/2022\\\/02\\\/Logo-vega-ridisegnato-1.png-1.png\",\"width\":98,\"height\":99,\"caption\":\"Circolo Vega\"},\"image\":{\"@id\":\"https:\\\/\\\/circolovega.org\\\/ws\\\/#\\\/schema\\\/logo\\\/image\\\/\"},\"sameAs\":[\"https:\\\/\\\/www.facebook.com\\\/circoloVegarciragazzi\",\"https:\\\/\\\/www.instagram.com\\\/stories\\\/circolovega\\\/\"]}]}<\/script>\n<!-- \/ Yoast SEO plugin. -->","yoast_head_json":{"title":"La rete che unisce - Circolo Vega","robots":{"index":"index","follow":"follow","max-snippet":"max-snippet:-1","max-image-preview":"max-image-preview:large","max-video-preview":"max-video-preview:-1"},"canonical":"https:\/\/circolovega.org\/ws\/la-rete-che-unisce\/","og_locale":"it_IT","og_type":"article","og_title":"La rete che unisce - Circolo Vega","og_description":"TORNA vasi comunicanti Questo progetto \u00e8 realizzato grazie al finanziamento di Nell\u2019ambito del progetto il Circolo Vega realizza attivit\u00e0 di [&hellip;]","og_url":"https:\/\/circolovega.org\/ws\/la-rete-che-unisce\/","og_site_name":"Circolo Vega","article_publisher":"https:\/\/www.facebook.com\/circoloVegarciragazzi","article_modified_time":"2024-07-04T10:59:21+00:00","og_image":[{"url":"https:\/\/circolovega.org\/ws\/wp-content\/uploads\/2024\/07\/VASI_COMUNICANTI.jpg","type":"","width":"","height":""}],"twitter_card":"summary_large_image","twitter_misc":{"Tempo di lettura stimato":"2 minuti"},"schema":{"@context":"https:\/\/schema.org","@graph":[{"@type":"WebPage","@id":"https:\/\/circolovega.org\/ws\/la-rete-che-unisce\/","url":"https:\/\/circolovega.org\/ws\/la-rete-che-unisce\/","name":"La rete che unisce - Circolo Vega","isPartOf":{"@id":"https:\/\/circolovega.org\/ws\/#website"},"primaryImageOfPage":{"@id":"https:\/\/circolovega.org\/ws\/la-rete-che-unisce\/#primaryimage"},"image":{"@id":"https:\/\/circolovega.org\/ws\/la-rete-che-unisce\/#primaryimage"},"thumbnailUrl":"https:\/\/circolovega.org\/ws\/wp-content\/uploads\/2024\/07\/VASI_COMUNICANTI.jpg","datePublished":"2023-08-16T17:58:38+00:00","dateModified":"2024-07-04T10:59:21+00:00","breadcrumb":{"@id":"https:\/\/circolovega.org\/ws\/la-rete-che-unisce\/#breadcrumb"},"inLanguage":"it-IT","potentialAction":[{"@type":"ReadAction","target":["https:\/\/circolovega.org\/ws\/la-rete-che-unisce\/"]}]},{"@type":"ImageObject","inLanguage":"it-IT","@id":"https:\/\/circolovega.org\/ws\/la-rete-che-unisce\/#primaryimage","url":"https:\/\/circolovega.org\/ws\/wp-content\/uploads\/2024\/07\/VASI_COMUNICANTI.jpg","contentUrl":"https:\/\/circolovega.org\/ws\/wp-content\/uploads\/2024\/07\/VASI_COMUNICANTI.jpg","width":300,"height":300,"caption":"Nell\u2019ambito del progetto il Circolo Vega realizza attivit\u00e0 di inclusione, orientamento e sostegno rivolte a minori e giovani adulti..."},{"@type":"BreadcrumbList","@id":"https:\/\/circolovega.org\/ws\/la-rete-che-unisce\/#breadcrumb","itemListElement":[{"@type":"ListItem","position":1,"name":"Home","item":"https:\/\/circolovega.org\/ws\/"},{"@type":"ListItem","position":2,"name":"La rete che unisce"}]},{"@type":"WebSite","@id":"https:\/\/circolovega.org\/ws\/#website","url":"https:\/\/circolovega.org\/ws\/","name":"Circolo Vega","description":"Piccoli che pensano in grande!","publisher":{"@id":"https:\/\/circolovega.org\/ws\/#organization"},"potentialAction":[{"@type":"SearchAction","target":{"@type":"EntryPoint","urlTemplate":"https:\/\/circolovega.org\/ws\/?s={search_term_string}"},"query-input":{"@type":"PropertyValueSpecification","valueRequired":true,"valueName":"search_term_string"}}],"inLanguage":"it-IT"},{"@type":"Organization","@id":"https:\/\/circolovega.org\/ws\/#organization","name":"Circolo Vega","url":"https:\/\/circolovega.org\/ws\/","logo":{"@type":"ImageObject","inLanguage":"it-IT","@id":"https:\/\/circolovega.org\/ws\/#\/schema\/logo\/image\/","url":"https:\/\/circolovega.org\/ws\/wp-content\/uploads\/2022\/02\/Logo-vega-ridisegnato-1.png-1.png","contentUrl":"https:\/\/circolovega.org\/ws\/wp-content\/uploads\/2022\/02\/Logo-vega-ridisegnato-1.png-1.png","width":98,"height":99,"caption":"Circolo Vega"},"image":{"@id":"https:\/\/circolovega.org\/ws\/#\/schema\/logo\/image\/"},"sameAs":["https:\/\/www.facebook.com\/circoloVegarciragazzi","https:\/\/www.instagram.com\/stories\/circolovega\/"]}]}},"campaignId":"","_links":{"self":[{"href":"https:\/\/circolovega.org\/ws\/wp-json\/wp\/v2\/pages\/9090","targetHints":{"allow":["GET"]}}],"collection":[{"href":"https:\/\/circolovega.org\/ws\/wp-json\/wp\/v2\/pages"}],"about":[{"href":"https:\/\/circolovega.org\/ws\/wp-json\/wp\/v2\/types\/page"}],"author":[{"embeddable":true,"href":"https:\/\/circolovega.org\/ws\/wp-json\/wp\/v2\/users\/3"}],"replies":[{"embeddable":true,"href":"https:\/\/circolovega.org\/ws\/wp-json\/wp\/v2\/comments?post=9090"}],"version-history":[{"count":6,"href":"https:\/\/circolovega.org\/ws\/wp-json\/wp\/v2\/pages\/9090\/revisions"}],"predecessor-version":[{"id":13250,"href":"https:\/\/circolovega.org\/ws\/wp-json\/wp\/v2\/pages\/9090\/revisions\/13250"}],"wp:attachment":[{"href":"https:\/\/circolovega.org\/ws\/wp-json\/wp\/v2\/media?parent=9090"}],"curies":[{"name":"wp","href":"https:\/\/api.w.org\/{rel}","templated":true}]}}