{"id":6557,"date":"2022-05-09T10:32:42","date_gmt":"2022-05-09T09:32:42","guid":{"rendered":"https:\/\/circolovega.org\/ws\/?page_id=6557"},"modified":"2022-05-09T10:39:01","modified_gmt":"2022-05-09T09:39:01","slug":"maggio_andersen_ant","status":"publish","type":"page","link":"https:\/\/circolovega.org\/ws\/maggio_andersen_ant\/","title":{"rendered":"maggio_andersen_ant"},"content":{"rendered":"<div data-colibri-id=\"6557-c1\" class=\"style-2270 style-local-6557-c1 position-relative\">\n  <!---->\n  <div data-colibri-component=\"section\" data-colibri-id=\"6557-c2\" id=\"custom\" class=\"h-section h-section-global-spacing d-flex align-items-lg-center align-items-md-center align-items-center style-2271 style-local-6557-c2 position-relative\">\n    <!---->\n    <!---->\n    <div class=\"h-section-grid-container h-section-boxed-container\">\n      <!---->\n      <div data-colibri-id=\"6557-c3\" class=\"h-row-container gutters-row-lg-2 gutters-row-md-2 gutters-row-0 gutters-row-v-lg-2 gutters-row-v-md-2 gutters-row-v-2 style-2272 style-local-6557-c3 position-relative\">\n        <!---->\n        <div class=\"h-row justify-content-lg-center justify-content-md-center justify-content-center align-items-lg-stretch align-items-md-stretch align-items-stretch gutters-col-lg-2 gutters-col-md-2 gutters-col-0 gutters-col-v-lg-2 gutters-col-v-md-2 gutters-col-v-2\">\n          <!---->\n          <div class=\"h-column h-column-container d-flex h-col-lg-auto h-col-md-auto h-col-auto style-2273-outer style-local-6557-c4-outer\">\n            <div data-colibri-id=\"6557-c4\" class=\"d-flex h-flex-basis h-column__inner h-px-lg-2 h-px-md-2 h-px-2 v-inner-lg-2 v-inner-md-2 v-inner-2 style-2273 style-local-6557-c4 position-relative\">\n              <!---->\n              <!---->\n              <div class=\"w-100 h-y-container h-column__content h-column__v-align flex-basis-100 align-self-lg-start align-self-md-start align-self-start\">\n                <!---->\n                <div data-colibri-id=\"6557-c5\" class=\"h-global-transition-all h-heading style-2274 style-local-6557-c5 position-relative h-element\">\n                  <!---->\n                  <div class=\"h-heading__outer style-2274 style-local-6557-c5\">\n                    <!---->\n                    <!---->\n                    <h1 class=\"\">ANDERSEN 391\n                      <br>maggio 2022<\/h1>\n                  <\/div>\n                <\/div>\n              <\/div>\n            <\/div>\n          <\/div>\n        <\/div>\n      <\/div>\n      <div data-colibri-id=\"6557-c6\" class=\"h-row-container gutters-row-lg-2 gutters-row-md-2 gutters-row-0 gutters-row-v-lg-2 gutters-row-v-md-2 gutters-row-v-2 style-2275 style-local-6557-c6 position-relative\">\n        <!---->\n        <div class=\"h-row justify-content-lg-center justify-content-md-center justify-content-center align-items-lg-stretch align-items-md-stretch align-items-stretch gutters-col-lg-2 gutters-col-md-2 gutters-col-0 gutters-col-v-lg-2 gutters-col-v-md-2 gutters-col-v-2\">\n          <!---->\n          <div class=\"h-column h-column-container d-flex h-col-lg-auto h-col-md-auto h-col-auto style-2276-outer style-local-6557-c7-outer\">\n            <div data-colibri-id=\"6557-c7\" class=\"d-flex h-flex-basis h-column__inner h-px-lg-2 h-px-md-2 h-px-2 v-inner-lg-2 v-inner-md-2 v-inner-2 style-2276 style-local-6557-c7 position-relative\">\n              <!---->\n              <!---->\n              <div class=\"w-100 h-y-container h-column__content h-column__v-align flex-basis-100 align-self-lg-start align-self-md-start align-self-start\">\n                <!---->\n                <div data-colibri-id=\"6557-c11\" class=\"h-text h-text-component style-2280 style-local-6557-c11 position-relative h-element\">\n                  <!---->\n                  <!---->\n                  <div class=\"\">\n                    <p>Nello scorso numero di aprile abbiamo annunciato i trentatr\u00e9 libri finalisti (ecco il&nbsp;\n                      <a href=\"https:\/\/www.andersen.it\/i-finalisti-del-premio-andersen-2022\" target=\"_blank\" style=\"font-family: Lato; font-weight: 400; font-size: 1em; color: rgb(0, 102, 204);\" class=\"customize-unpreviewable\" rel=\"noopener\">link<\/a>) che concorrono, nelle differenti sezioni, alla quarantunesima edizione del Premio Andersen; li ritrovate anche qui, mentre per scoprire i libri vincitori e con loro i premi assegnati direttamente a chi scrive, a chi illustra,\n                      a chi fa cultura per l\u2019infanzia si dovr\u00e0 pazientare ancora qualche settimana e pi\u00f9 precisamente il 28 maggio pomeriggio, quando ci sar\u00e0 la cerimonia di premiazione presso la Sala del Minor Consiglio di Palazzo Ducale, a Genova.<\/p>\n                  <\/div>\n                <\/div>\n                <div data-colibri-id=\"6557-c8\" class=\"d-block style-2277 style-local-6557-c8 position-relative h-element\">\n                  <!---->\n                  <div class=\"h-image__frame-container-outer\">\n                    <div class=\"h-image__frame-container\">\n                      <!---->\n                      <!---->\n                      <img loading=\"lazy\" decoding=\"async\" width=\"871\" height=\"1170\" src=\"https:\/\/circolovega.org\/ws\/wp-content\/uploads\/2022\/05\/anteprima.jpg\" class=\"wp-image-6559 style-2277-image style-local-6557-c8-image\" alt=\"\" srcset=\"https:\/\/circolovega.org\/ws\/wp-content\/uploads\/2022\/05\/anteprima.jpg 871w, https:\/\/circolovega.org\/ws\/wp-content\/uploads\/2022\/05\/anteprima-600x806.jpg 600w, https:\/\/circolovega.org\/ws\/wp-content\/uploads\/2022\/05\/anteprima-223x300.jpg 223w, https:\/\/circolovega.org\/ws\/wp-content\/uploads\/2022\/05\/anteprima-762x1024.jpg 762w, https:\/\/circolovega.org\/ws\/wp-content\/uploads\/2022\/05\/anteprima-768x1032.jpg 768w\" sizes=\"auto, (max-width: 871px) 100vw, 871px\" \/>\n                      <div class=\"h-image__frame h-hide-lg h-hide-md h-hide-sm style-2277-frameImage style-local-6557-c8-frameImage\"><\/div>\n                    <\/div>\n                  <\/div>\n                <\/div>\n              <\/div>\n            <\/div>\n          <\/div>\n          <div class=\"h-column h-column-container d-flex h-col-lg-auto h-col-md-auto h-col-auto style-2278-outer style-local-6557-c9-outer\">\n            <div data-colibri-id=\"6557-c9\" class=\"d-flex h-flex-basis h-column__inner h-px-lg-2 h-px-md-2 h-px-2 v-inner-lg-2 v-inner-md-2 v-inner-2 style-2278 style-local-6557-c9 position-relative\">\n              <!---->\n              <!---->\n              <div class=\"w-100 h-y-container h-column__content h-column__v-align flex-basis-100 align-self-lg-start align-self-md-start align-self-start\">\n                <!---->\n                <div data-colibri-id=\"6557-c10\" class=\"h-text h-text-component style-2279 style-local-6557-c10 position-relative h-element\">\n                  <!---->\n                  <!---->\n                  <div class=\"\">\n                    <p>Nel frattempo hanno preso il via numerose iniziative in giro per l&#8217;Italia che hanno messo al centro la selezione dei libri finalisti ad opera di librerie, che hanno dedicato loro allestimenti e vetrine, e di biblioteche che li espongono\n                      e propongono al pubblico con speciali percorsi di lettura. Tra questi appuntamenti anche quelli promossi con il diretto coinvolgimento dei collaboratori della nostra rivista e giurati del premio, come il seminario online per insegnanti\n                      &#8220;Saper leggere il libro del mondo &#8211; Aspettando il Premio Andersen&#8221; (gioved\u00ec 5 maggio) nell&#8217;ambito del programma del Festival Marsala Racconta\/38\u00b0 Parallelo e l&#8217;incontro in collaborazione con la Biblioteca De Amicis di Genova e il\n                      patrocinio di NpL Liguria (venerd\u00ec 13 maggio, ore 16.45, in presenza) dove l&#8217;approfondimento su alcuni titoli della selezione 2022 sar\u00e0 l&#8217;occasione per inaugurare la mostra ScarabocchiArte frutto di un mese di laboratori grafico-pittorici\n                      per bambini e ragazzi, condotti dalla Cooperativa Sociale Infantia, che quest&#8217;anno hanno preso spunto proprio dai libri finalisti del premio. Tutte le info a questo&nbsp;\n                      <a href=\"https:\/\/www.andersen.it\/premio-andersen-2022-eventi\" target=\"_blank\" style=\"color: rgb(0, 102, 204); font-size: 1em; font-weight: 400; font-family: Lato;\" class=\"customize-unpreviewable\" draggable=\"false\" rel=\"noopener\">link<\/a>.<\/p>\n                    <p>In questo numero della rivista, oltre a numerose recensioni delle principali novit\u00e0 editoriali per bambini e ragazzi, troverete anche un articolo di Mara Pace sul progetto fotografico Sirkhane Darkroom che, ai confini con la Siria,\n                      ha coinvolto 600 ragazzi siriani, iracheni turchi e curdi, molti dei quali profughi tra i 7 e i 17 anni; una riflessione di Anselmo Roveda sulla guerra; un articolo di Benedetta Massaro che fa sintesi dalla sua ricerca di Laurea\n                      all\u2019ISIA di Urbino sull\u2019omosessualit\u00e0 e i diversi tipi di famiglia negli albi illustrati per l\u2019infanzia; una visita alla libreria Baobab di Porcia (PN) specializzata in libri per l\u2019infanzia; un percorso di arte partecipata tra alcune\n                      citt\u00e0 italiane che si affacciano sul Mediterraneo; e un lungo articolo di Walter Fochesato sul lavoro di Elisabetta Civardi, illustratrice della copertina di questo mese, che il pubblico genovese conosce e apprezza da anni anche\n                      per la sua progettazione di laboratori artistici per l\u2019infanzia (alcuni realizzati negli scorsi mesi anche per il progetto SULLA BUONA STRADA).<\/p>\n                    <p>L\u2019indice completo della rivista e l\u2019articolo del mese le trovate a questo\n                      <a href=\"https:\/\/www.andersen.it\/maggio-2022-n-392\" target=\"_blank\" rel=\"noopener\">link<\/a>\n                    <\/p>\n                    <p>\n                      <br>\n                    <\/p>\n                  <\/div>\n                <\/div>\n              <\/div>\n            <\/div>\n          <\/div>\n        <\/div>\n      <\/div>\n    <\/div>\n  <\/div>\n<\/div>","protected":false},"excerpt":{"rendered":"<p>ANDERSEN 391 maggio 2022 Nello scorso numero di aprile abbiamo annunciato i trentatr\u00e9 libri finalisti (ecco il&nbsp; link) che concorrono, [&hellip;]<\/p>\n","protected":false},"author":3,"featured_media":0,"parent":0,"menu_order":0,"comment_status":"closed","ping_status":"closed","template":"page-templates\/full-width-page.php","meta":{"give_campaign_id":0,"footnotes":""},"class_list":["post-6557","page","type-page","status-publish","hentry"],"yoast_head":"<!-- This site is optimized with the Yoast SEO plugin v27.4 - https:\/\/yoast.com\/product\/yoast-seo-wordpress\/ -->\n<title>maggio_andersen_ant - Circolo Vega<\/title>\n<meta name=\"robots\" content=\"index, follow, max-snippet:-1, max-image-preview:large, max-video-preview:-1\" \/>\n<link rel=\"canonical\" href=\"https:\/\/circolovega.org\/ws\/maggio_andersen_ant\/\" \/>\n<meta property=\"og:locale\" content=\"it_IT\" \/>\n<meta property=\"og:type\" content=\"article\" \/>\n<meta property=\"og:title\" content=\"maggio_andersen_ant - Circolo Vega\" \/>\n<meta property=\"og:description\" content=\"ANDERSEN 391 maggio 2022 Nello scorso numero di aprile abbiamo annunciato i trentatr\u00e9 libri finalisti (ecco il&nbsp; link) che concorrono, [&hellip;]\" \/>\n<meta property=\"og:url\" content=\"https:\/\/circolovega.org\/ws\/maggio_andersen_ant\/\" \/>\n<meta property=\"og:site_name\" content=\"Circolo Vega\" \/>\n<meta property=\"article:publisher\" content=\"https:\/\/www.facebook.com\/circoloVegarciragazzi\" \/>\n<meta property=\"article:modified_time\" content=\"2022-05-09T09:39:01+00:00\" \/>\n<meta property=\"og:image\" content=\"https:\/\/circolovega.org\/ws\/wp-content\/uploads\/2022\/05\/anteprima.jpg\" \/>\n<meta name=\"twitter:card\" content=\"summary_large_image\" \/>\n<meta name=\"twitter:label1\" content=\"Tempo di lettura stimato\" \/>\n\t<meta name=\"twitter:data1\" content=\"2 minuti\" \/>\n<script type=\"application\/ld+json\" class=\"yoast-schema-graph\">{\"@context\":\"https:\\\/\\\/schema.org\",\"@graph\":[{\"@type\":\"WebPage\",\"@id\":\"https:\\\/\\\/circolovega.org\\\/ws\\\/maggio_andersen_ant\\\/\",\"url\":\"https:\\\/\\\/circolovega.org\\\/ws\\\/maggio_andersen_ant\\\/\",\"name\":\"maggio_andersen_ant - Circolo Vega\",\"isPartOf\":{\"@id\":\"https:\\\/\\\/circolovega.org\\\/ws\\\/#website\"},\"primaryImageOfPage\":{\"@id\":\"https:\\\/\\\/circolovega.org\\\/ws\\\/maggio_andersen_ant\\\/#primaryimage\"},\"image\":{\"@id\":\"https:\\\/\\\/circolovega.org\\\/ws\\\/maggio_andersen_ant\\\/#primaryimage\"},\"thumbnailUrl\":\"https:\\\/\\\/circolovega.org\\\/ws\\\/wp-content\\\/uploads\\\/2022\\\/05\\\/anteprima.jpg\",\"datePublished\":\"2022-05-09T09:32:42+00:00\",\"dateModified\":\"2022-05-09T09:39:01+00:00\",\"breadcrumb\":{\"@id\":\"https:\\\/\\\/circolovega.org\\\/ws\\\/maggio_andersen_ant\\\/#breadcrumb\"},\"inLanguage\":\"it-IT\",\"potentialAction\":[{\"@type\":\"ReadAction\",\"target\":[\"https:\\\/\\\/circolovega.org\\\/ws\\\/maggio_andersen_ant\\\/\"]}]},{\"@type\":\"ImageObject\",\"inLanguage\":\"it-IT\",\"@id\":\"https:\\\/\\\/circolovega.org\\\/ws\\\/maggio_andersen_ant\\\/#primaryimage\",\"url\":\"https:\\\/\\\/circolovega.org\\\/ws\\\/wp-content\\\/uploads\\\/2022\\\/05\\\/anteprima.jpg\",\"contentUrl\":\"https:\\\/\\\/circolovega.org\\\/ws\\\/wp-content\\\/uploads\\\/2022\\\/05\\\/anteprima.jpg\",\"width\":871,\"height\":1170},{\"@type\":\"BreadcrumbList\",\"@id\":\"https:\\\/\\\/circolovega.org\\\/ws\\\/maggio_andersen_ant\\\/#breadcrumb\",\"itemListElement\":[{\"@type\":\"ListItem\",\"position\":1,\"name\":\"Home\",\"item\":\"https:\\\/\\\/circolovega.org\\\/ws\\\/\"},{\"@type\":\"ListItem\",\"position\":2,\"name\":\"maggio_andersen_ant\"}]},{\"@type\":\"WebSite\",\"@id\":\"https:\\\/\\\/circolovega.org\\\/ws\\\/#website\",\"url\":\"https:\\\/\\\/circolovega.org\\\/ws\\\/\",\"name\":\"Circolo Vega\",\"description\":\"Piccoli che pensano in grande!\",\"publisher\":{\"@id\":\"https:\\\/\\\/circolovega.org\\\/ws\\\/#organization\"},\"potentialAction\":[{\"@type\":\"SearchAction\",\"target\":{\"@type\":\"EntryPoint\",\"urlTemplate\":\"https:\\\/\\\/circolovega.org\\\/ws\\\/?s={search_term_string}\"},\"query-input\":{\"@type\":\"PropertyValueSpecification\",\"valueRequired\":true,\"valueName\":\"search_term_string\"}}],\"inLanguage\":\"it-IT\"},{\"@type\":\"Organization\",\"@id\":\"https:\\\/\\\/circolovega.org\\\/ws\\\/#organization\",\"name\":\"Circolo Vega\",\"url\":\"https:\\\/\\\/circolovega.org\\\/ws\\\/\",\"logo\":{\"@type\":\"ImageObject\",\"inLanguage\":\"it-IT\",\"@id\":\"https:\\\/\\\/circolovega.org\\\/ws\\\/#\\\/schema\\\/logo\\\/image\\\/\",\"url\":\"https:\\\/\\\/circolovega.org\\\/ws\\\/wp-content\\\/uploads\\\/2022\\\/02\\\/Logo-vega-ridisegnato-1.png-1.png\",\"contentUrl\":\"https:\\\/\\\/circolovega.org\\\/ws\\\/wp-content\\\/uploads\\\/2022\\\/02\\\/Logo-vega-ridisegnato-1.png-1.png\",\"width\":98,\"height\":99,\"caption\":\"Circolo Vega\"},\"image\":{\"@id\":\"https:\\\/\\\/circolovega.org\\\/ws\\\/#\\\/schema\\\/logo\\\/image\\\/\"},\"sameAs\":[\"https:\\\/\\\/www.facebook.com\\\/circoloVegarciragazzi\",\"https:\\\/\\\/www.instagram.com\\\/stories\\\/circolovega\\\/\"]}]}<\/script>\n<!-- \/ Yoast SEO plugin. -->","yoast_head_json":{"title":"maggio_andersen_ant - Circolo Vega","robots":{"index":"index","follow":"follow","max-snippet":"max-snippet:-1","max-image-preview":"max-image-preview:large","max-video-preview":"max-video-preview:-1"},"canonical":"https:\/\/circolovega.org\/ws\/maggio_andersen_ant\/","og_locale":"it_IT","og_type":"article","og_title":"maggio_andersen_ant - Circolo Vega","og_description":"ANDERSEN 391 maggio 2022 Nello scorso numero di aprile abbiamo annunciato i trentatr\u00e9 libri finalisti (ecco il&nbsp; link) che concorrono, [&hellip;]","og_url":"https:\/\/circolovega.org\/ws\/maggio_andersen_ant\/","og_site_name":"Circolo Vega","article_publisher":"https:\/\/www.facebook.com\/circoloVegarciragazzi","article_modified_time":"2022-05-09T09:39:01+00:00","og_image":[{"url":"https:\/\/circolovega.org\/ws\/wp-content\/uploads\/2022\/05\/anteprima.jpg","type":"","width":"","height":""}],"twitter_card":"summary_large_image","twitter_misc":{"Tempo di lettura stimato":"2 minuti"},"schema":{"@context":"https:\/\/schema.org","@graph":[{"@type":"WebPage","@id":"https:\/\/circolovega.org\/ws\/maggio_andersen_ant\/","url":"https:\/\/circolovega.org\/ws\/maggio_andersen_ant\/","name":"maggio_andersen_ant - Circolo Vega","isPartOf":{"@id":"https:\/\/circolovega.org\/ws\/#website"},"primaryImageOfPage":{"@id":"https:\/\/circolovega.org\/ws\/maggio_andersen_ant\/#primaryimage"},"image":{"@id":"https:\/\/circolovega.org\/ws\/maggio_andersen_ant\/#primaryimage"},"thumbnailUrl":"https:\/\/circolovega.org\/ws\/wp-content\/uploads\/2022\/05\/anteprima.jpg","datePublished":"2022-05-09T09:32:42+00:00","dateModified":"2022-05-09T09:39:01+00:00","breadcrumb":{"@id":"https:\/\/circolovega.org\/ws\/maggio_andersen_ant\/#breadcrumb"},"inLanguage":"it-IT","potentialAction":[{"@type":"ReadAction","target":["https:\/\/circolovega.org\/ws\/maggio_andersen_ant\/"]}]},{"@type":"ImageObject","inLanguage":"it-IT","@id":"https:\/\/circolovega.org\/ws\/maggio_andersen_ant\/#primaryimage","url":"https:\/\/circolovega.org\/ws\/wp-content\/uploads\/2022\/05\/anteprima.jpg","contentUrl":"https:\/\/circolovega.org\/ws\/wp-content\/uploads\/2022\/05\/anteprima.jpg","width":871,"height":1170},{"@type":"BreadcrumbList","@id":"https:\/\/circolovega.org\/ws\/maggio_andersen_ant\/#breadcrumb","itemListElement":[{"@type":"ListItem","position":1,"name":"Home","item":"https:\/\/circolovega.org\/ws\/"},{"@type":"ListItem","position":2,"name":"maggio_andersen_ant"}]},{"@type":"WebSite","@id":"https:\/\/circolovega.org\/ws\/#website","url":"https:\/\/circolovega.org\/ws\/","name":"Circolo Vega","description":"Piccoli che pensano in grande!","publisher":{"@id":"https:\/\/circolovega.org\/ws\/#organization"},"potentialAction":[{"@type":"SearchAction","target":{"@type":"EntryPoint","urlTemplate":"https:\/\/circolovega.org\/ws\/?s={search_term_string}"},"query-input":{"@type":"PropertyValueSpecification","valueRequired":true,"valueName":"search_term_string"}}],"inLanguage":"it-IT"},{"@type":"Organization","@id":"https:\/\/circolovega.org\/ws\/#organization","name":"Circolo Vega","url":"https:\/\/circolovega.org\/ws\/","logo":{"@type":"ImageObject","inLanguage":"it-IT","@id":"https:\/\/circolovega.org\/ws\/#\/schema\/logo\/image\/","url":"https:\/\/circolovega.org\/ws\/wp-content\/uploads\/2022\/02\/Logo-vega-ridisegnato-1.png-1.png","contentUrl":"https:\/\/circolovega.org\/ws\/wp-content\/uploads\/2022\/02\/Logo-vega-ridisegnato-1.png-1.png","width":98,"height":99,"caption":"Circolo Vega"},"image":{"@id":"https:\/\/circolovega.org\/ws\/#\/schema\/logo\/image\/"},"sameAs":["https:\/\/www.facebook.com\/circoloVegarciragazzi","https:\/\/www.instagram.com\/stories\/circolovega\/"]}]}},"campaignId":"","_links":{"self":[{"href":"https:\/\/circolovega.org\/ws\/wp-json\/wp\/v2\/pages\/6557","targetHints":{"allow":["GET"]}}],"collection":[{"href":"https:\/\/circolovega.org\/ws\/wp-json\/wp\/v2\/pages"}],"about":[{"href":"https:\/\/circolovega.org\/ws\/wp-json\/wp\/v2\/types\/page"}],"author":[{"embeddable":true,"href":"https:\/\/circolovega.org\/ws\/wp-json\/wp\/v2\/users\/3"}],"replies":[{"embeddable":true,"href":"https:\/\/circolovega.org\/ws\/wp-json\/wp\/v2\/comments?post=6557"}],"version-history":[{"count":1,"href":"https:\/\/circolovega.org\/ws\/wp-json\/wp\/v2\/pages\/6557\/revisions"}],"predecessor-version":[{"id":6562,"href":"https:\/\/circolovega.org\/ws\/wp-json\/wp\/v2\/pages\/6557\/revisions\/6562"}],"wp:attachment":[{"href":"https:\/\/circolovega.org\/ws\/wp-json\/wp\/v2\/media?parent=6557"}],"curies":[{"name":"wp","href":"https:\/\/api.w.org\/{rel}","templated":true}]}}