{"id":6517,"date":"2022-05-06T10:32:08","date_gmt":"2022-05-06T09:32:08","guid":{"rendered":"https:\/\/circolovega.org\/ws\/?page_id=6517"},"modified":"2022-05-09T10:43:57","modified_gmt":"2022-05-09T09:43:57","slug":"maggio_vega","status":"publish","type":"page","link":"https:\/\/circolovega.org\/ws\/maggio_vega\/","title":{"rendered":"maggio_vega"},"content":{"rendered":"<div data-colibri-id=\"6517-c1\" class=\"style-2217 style-local-6517-c1 position-relative\">\n  <!---->\n  <div data-colibri-component=\"section\" data-colibri-id=\"6517-c2\" id=\"custom\" class=\"h-section h-section-global-spacing d-flex align-items-lg-start align-items-md-start align-items-start style-2218 style-local-6517-c2 position-relative\">\n    <!---->\n    <!---->\n    <div class=\"h-section-grid-container h-section-boxed-container\">\n      <!---->\n      <div data-colibri-id=\"6517-c3\" class=\"h-row-container gutters-row-lg-0 gutters-row-md-0 gutters-row-0 gutters-row-v-lg-0 gutters-row-v-md-0 gutters-row-v-0 style-2219 style-local-6517-c3 position-relative\">\n        <!---->\n        <div class=\"h-row justify-content-lg-center justify-content-md-center justify-content-center align-items-lg-stretch align-items-md-stretch align-items-stretch gutters-col-lg-0 gutters-col-md-0 gutters-col-0 gutters-col-v-lg-0 gutters-col-v-md-0 gutters-col-v-0\">\n          <!---->\n          <div class=\"h-column h-column-container d-flex h-col-lg-auto h-col-md-auto h-col-auto style-2220-outer style-local-6517-c4-outer\">\n            <div data-colibri-id=\"6517-c4\" class=\"d-flex h-flex-basis h-column__inner h-px-lg-2 h-px-md-2 h-px-2 v-inner-lg-2 v-inner-md-2 v-inner-2 style-2220 style-local-6517-c4 position-relative\">\n              <!---->\n              <!---->\n              <div class=\"w-100 h-y-container h-column__content h-column__v-align flex-basis-100 align-self-lg-start align-self-md-start align-self-start\">\n                <!---->\n                <div data-colibri-id=\"6517-c5\" class=\"d-block style-2221 style-local-6517-c5 position-relative h-element\">\n                  <!---->\n                  <div class=\"h-image__frame-container-outer\">\n                    <div class=\"h-image__frame-container\">\n                      <!---->\n                      <!---->\n                      <img loading=\"lazy\" decoding=\"async\" width=\"457\" height=\"647\" src=\"https:\/\/circolovega.org\/ws\/wp-content\/uploads\/2022\/05\/cropped-picador.png\" class=\"wp-image-6523 style-2221-image style-local-6517-c5-image\" alt=\"\" srcset=\"https:\/\/circolovega.org\/ws\/wp-content\/uploads\/2022\/05\/cropped-picador.png 457w, https:\/\/circolovega.org\/ws\/wp-content\/uploads\/2022\/05\/cropped-picador-212x300.png 212w\" sizes=\"auto, (max-width: 457px) 100vw, 457px\" \/>\n                      <div class=\"h-image__frame h-hide-lg h-hide-md h-hide-sm style-2221-frameImage style-local-6517-c5-frameImage\"><\/div>\n                    <\/div>\n                    <div class=\"style-2221-caption style-local-6517-c5-caption\">\n                      Fernando Botero, Picador, Olio su tela, 1986\n                    <\/div>\n                  <\/div>\n                <\/div>\n              <\/div>\n            <\/div>\n          <\/div>\n          <div class=\"h-column h-column-container d-flex h-col-lg-auto h-col-md-auto h-col-auto style-2222-outer style-local-6517-c6-outer\">\n            <div data-colibri-id=\"6517-c6\" class=\"d-flex h-flex-basis h-column__inner h-px-lg-2 h-px-md-2 h-px-2 v-inner-lg-2 v-inner-md-2 v-inner-2 style-2222 style-local-6517-c6 position-relative\">\n              <!---->\n              <!---->\n              <div class=\"w-100 h-y-container h-column__content h-column__v-align flex-basis-100 align-self-lg-start align-self-md-start align-self-start\">\n                <!---->\n                <div data-colibri-id=\"6517-c7\" class=\"d-block style-2223 style-local-6517-c7 position-relative h-element\">\n                  <!---->\n                  <div class=\"h-image__frame-container-outer\">\n                    <div class=\"h-image__frame-container\">\n                      <!---->\n                      <!---->\n                      <img loading=\"lazy\" decoding=\"async\" width=\"1144\" height=\"1514\" src=\"https:\/\/circolovega.org\/ws\/wp-content\/uploads\/2022\/01\/cropped-cropped-immagini5.jpg\" class=\"wp-image-6524 style-2223-image style-local-6517-c7-image\" alt=\"\" srcset=\"https:\/\/circolovega.org\/ws\/wp-content\/uploads\/2022\/01\/cropped-cropped-immagini5.jpg 1144w, https:\/\/circolovega.org\/ws\/wp-content\/uploads\/2022\/01\/cropped-cropped-immagini5-600x794.jpg 600w, https:\/\/circolovega.org\/ws\/wp-content\/uploads\/2022\/01\/cropped-cropped-immagini5-227x300.jpg 227w, https:\/\/circolovega.org\/ws\/wp-content\/uploads\/2022\/01\/cropped-cropped-immagini5-774x1024.jpg 774w, https:\/\/circolovega.org\/ws\/wp-content\/uploads\/2022\/01\/cropped-cropped-immagini5-768x1016.jpg 768w\" sizes=\"auto, (max-width: 1144px) 100vw, 1144px\" \/>\n                      <div class=\"h-image__frame h-hide-lg h-hide-md h-hide-sm style-2223-frameImage style-local-6517-c7-frameImage\"><\/div>\n                    <\/div>\n                    <div class=\"style-2223-caption style-local-6517-c7-caption\">\n                      Markinson Medrano, I vestiti nuovi dell&#8217;imperatore in &#8220;Picador, 2021, digitale. Calendario Favoloso &#8211; Circolo Vega\n                    <\/div>\n                  <\/div>\n                <\/div>\n              <\/div>\n            <\/div>\n          <\/div>\n        <\/div>\n      <\/div>\n      <div data-colibri-id=\"6517-c8\" class=\"h-row-container gutters-row-lg-2 gutters-row-md-2 gutters-row-0 gutters-row-v-lg-2 gutters-row-v-md-2 gutters-row-v-2 style-2224 style-local-6517-c8 position-relative\">\n        <!---->\n        <div class=\"h-row justify-content-lg-center justify-content-md-center justify-content-center align-items-lg-center align-items-md-center align-items-center gutters-col-lg-2 gutters-col-md-2 gutters-col-0 gutters-col-v-lg-2 gutters-col-v-md-2 gutters-col-v-2\">\n          <!---->\n          <div class=\"h-column h-column-container d-flex h-col-lg-auto h-col-md-auto h-col-auto align-self-lg-center align-self-md-center align-self-center style-2225-outer style-local-6517-c9-outer\">\n            <div data-colibri-id=\"6517-c9\" class=\"d-flex h-flex-basis h-column__inner h-px-lg-2 h-px-md-2 h-px-2 v-inner-lg-2 v-inner-md-2 v-inner-2 style-2225 style-local-6517-c9 position-relative\">\n              <!---->\n              <!---->\n              <div class=\"w-100 h-y-container h-column__content h-column__v-align flex-basis-100 align-self-lg-start align-self-md-start align-self-start\">\n                <!---->\n                <div data-colibri-id=\"6517-c10\" class=\"h-global-transition-all h-heading style-2226 style-local-6517-c10 position-relative h-element\">\n                  <!---->\n                  <div class=\"h-heading__outer style-2226 style-local-6517-c10\">\n                    <!---->\n                    <!---->\n                    <h2 class=\"\">Pensare in grande!\n                      <br>Ovvero l\u2019incontro tra la fiaba\n                      <br>\u201cI vestiti nuovi dell\u2019imperatore\u201d e l\u2019arte di Fernando Botero<\/h2>\n                  <\/div>\n                <\/div>\n              <\/div>\n            <\/div>\n          <\/div>\n        <\/div>\n      <\/div>\n      <div data-colibri-id=\"6517-c11\" class=\"h-row-container gutters-row-lg-2 gutters-row-md-2 gutters-row-0 gutters-row-v-lg-2 gutters-row-v-md-2 gutters-row-v-2 style-2227 style-local-6517-c11 position-relative\">\n        <!---->\n        <div class=\"h-row justify-content-lg-center justify-content-md-center justify-content-center align-items-lg-stretch align-items-md-stretch align-items-stretch gutters-col-lg-2 gutters-col-md-2 gutters-col-0 gutters-col-v-lg-2 gutters-col-v-md-2 gutters-col-v-2\">\n          <!---->\n          <div class=\"h-column h-column-container d-flex h-col-lg-6 h-col-md-6 h-col-12 style-2228-outer style-local-6517-c12-outer\">\n            <div data-colibri-id=\"6517-c12\" class=\"d-flex h-flex-basis h-column__inner h-px-lg-2 h-px-md-2 h-px-2 v-inner-lg-2 v-inner-md-2 v-inner-2 style-2228 style-local-6517-c12 position-relative\">\n              <!---->\n              <!---->\n              <div class=\"w-100 h-y-container h-column__content h-column__v-align flex-basis-100 align-self-lg-start align-self-md-start align-self-start\">\n                <!---->\n                <div data-colibri-id=\"6517-c13\" class=\"h-text h-text-component style-2229 style-local-6517-c13 position-relative h-element\">\n                  <!---->\n                  <!---->\n                  <div class=\"\">\n                    <p>\u00c8 arrivato il momento di svelare come mai il cavaliere ritratto nel quadro ispirato a \u201cPicador\u201d del pittore Fernando Botero, sia tutto nudo.<\/p>\n                    <p>Tutto comincia con una fiaba danese scritta da Hans Christian Andersen e pubblicata per la prima volta nel 1837, pi\u00f9 o meno 100 anni prima della nascita del nostro pittore, nato infatti nel 1932.<\/p>\n                    <p>Come forse saprete la fiaba, dal titolo \u201cI vestiti nuovi dell\u2019imperatore\u201d, narra di un vanitoso sovrano che desiderava indossare di fronte ai suoi sudditi un abito bellissimo, tale da stupire e suscitare l\u2019ammirazione del suo popolo.<\/p>\n                    <p>Purtroppo il nostro imperatore si imbatt\u00e9 in un gruppo di sarti che lo ingannarono dicendogli che avrebbero cucito su misura per lui un abito che poteva essere visto solo da persone di indiscussa grandezza e che al contrario, aveva\n                      la caratteristica di risultare invisibile agli stupidi.<\/p>\n                  <\/div>\n                <\/div>\n                <div data-colibri-id=\"6517-c14\" class=\"d-block style-2230 style-local-6517-c14 position-relative h-element\">\n                  <!---->\n                  <div class=\"h-image__frame-container-outer\">\n                    <div class=\"h-image__frame-container\">\n                      <!---->\n                      <!---->\n                      <img loading=\"lazy\" decoding=\"async\" width=\"230\" height=\"300\" src=\"https:\/\/circolovega.org\/ws\/wp-content\/uploads\/2022\/05\/imperatore_3.jpg\" class=\"wp-image-6509 style-2230-image style-local-6517-c14-image\" alt=\"\" \/>\n                      <div class=\"h-image__frame h-hide-lg h-hide-md h-hide-sm style-2230-frameImage style-local-6517-c14-frameImage\"><\/div>\n                    <\/div>\n                  <\/div>\n                <\/div>\n                <div data-colibri-id=\"6517-c15\" class=\"h-text h-text-component style-2229 style-local-6517-c15 position-relative h-element\">\n                  <!---->\n                  <!---->\n                  <div class=\"\">\n                    <p>Fu cos\u00ec che mentre i sarti fingevano di cucire un vestito in realt\u00e0 inesistente l\u2019imperatore, terrorizzato al pensiero che non vedere quell\u2019abito fosse conseguenza di scarsa intelligenza e di poca grandezza, finse di vedere l\u2019abito\n                      e si convinse che l\u2019abito esistesse e fosse magnifico.<\/p>\n                    <p>Quando l\u2019imperatore sfil\u00f2 in pubblico con indosso solo l\u2019abito inesistente (quindi completamente nudo!) il popolo, per paura di essere giudicato stupido, finse come lui di vedere il vestito.<\/p>\n                    <p>Solo un bambino, che evidentemente pensava e vedeva in grande, ebbe il coraggio di gridare che il re era nudo, senza niente addosso.<\/p>\n                    <p>Lo stesso coraggio dovette avere Fernando Botero quando, a soli 13 anni, pens\u00f2 in grande e decise di diventare un artista.<\/p>\n                    <p>Proprio cos\u00ec: a volte i bambini e i ragazzi sono pi\u00f9 coraggiosi, sinceri e decisi dei grandi.<\/p>\n                  <\/div>\n                <\/div>\n              <\/div>\n            <\/div>\n          <\/div>\n          <div class=\"h-column h-column-container d-flex h-col-lg-6 h-col-md-6 h-col-12 style-2231-outer style-local-6517-c16-outer\">\n            <div data-colibri-id=\"6517-c16\" class=\"d-flex h-flex-basis h-column__inner h-px-lg-2 h-px-md-2 h-px-2 v-inner-lg-2 v-inner-md-2 v-inner-2 style-2231 style-local-6517-c16 position-relative\">\n              <!---->\n              <!---->\n              <div class=\"w-100 h-y-container h-column__content h-column__v-align flex-basis-100 align-self-lg-start align-self-md-start align-self-start\">\n                <!---->\n                <div data-colibri-id=\"6517-c17\" class=\"h-text h-text-component style-2232 style-local-6517-c17 position-relative h-element\">\n                  <!---->\n                  <!---->\n                  <div class=\"\">\n                    <p><span style=\"font-weight: 400; font-size: 16px; font-family: Lato; color: rgb(59, 59, 59);\">Volete sentire una curiosit\u00e0? Anche Botero aveva qualcosa a che fare con i sarti: infatti anche la sua mamma cuciva ma lei cuciva davvero e lo faceva con grande abilit\u00e0. Lo stesso Botero disse che cucire era l\u2019arte della sua mamma e quell\u2019arte fu molto importante per Botero e i suoi due fratelli perch\u00e9 quando Botero aveva solo quattro anni il suo pap\u00e0 mori improvvisamente e la mamma dovette lavorare sodo, con ago e filo, per mantenere i suoi tre figli.<\/span>\n                      <br>\n                    <\/p>\n                    <p>Fernando Botero non cuc\u00ec finti abiti per imperatori ma dipinse sia il Re di Francia Luigi XVI che la Regina Maria Antonietta immaginandoli in visita a Medellin, sua citt\u00e0 natale, in Colombia. Non li dipinse nudi ma piuttosto \u201crotondetti\u201d,\n                      come faceva con tutti i personaggi e gli oggetti dei suoi quadri. Nel quadro con il Re Luigi XVI \u00e8 dipinta anche la mamma di Botero, una donna severa che per\u00f2 non aveva ostacolato il sogno di Fernando di diventare un artista, intenta\n                      ad osservare la scena attraverso una porta socchiusa. Botero racconta di voler dare risalto e importanza alle forme, sia perch\u00e9 lo ha imparato dai pittori rinascimentali, sia per contrastare attraverso una fantasia \u201cgrassottella\u201d\n                      e voluminosa, la realt\u00e0 spesso povera e \u201crinsecchita\u201d. Durante un periodo in cui Botero andava dallo psicologo, si rese conto che disegnare quelle persone cos\u00ec \u201cingrossate\u201d probabilmente era un modo per ricercare una figura \u201cgrandiosa\u201d\n                      che era venuta a mancare molto presto: suo pap\u00e0 che, come gi\u00e0 detto, mor\u00ec quando Fernando aveva solo quattro anni.<\/p>\n                    <p>Botero stesso disse un giorno: \u201cCredo che l&#8217;arte debba dare all&#8217;uomo momenti di felicit\u00e0, un rifugio di esistenza straordinaria, parallela a quella quotidiana. Invece gli artisti oggi preferiscono lo shock e credono che basti provocare\n                      scandalo. La povert\u00e0 dell&#8217;arte contemporanea \u00e8 terribile, ma nessuno ha il coraggio di dire che il re \u00e8 nudo\u201d.<\/p>\n                    <p>Questo coraggio lo hanno avuto invece sia il bambino della fiaba e il nostro pittore, che a 13 anni aveva gi\u00e0 deciso di fare l\u2019artista e ha insistito nel seguire la sua passione anche quando i sui amici gli dicevano che non sarebbe\n                      arrivato da nessuna parte.<\/p>\n                    <p>\n                      <br>\n                    <\/p>\n                  <\/div>\n                <\/div>\n              <\/div>\n            <\/div>\n          <\/div>\n        <\/div>\n      <\/div>\n    <\/div>\n  <\/div>\n<\/div>","protected":false},"excerpt":{"rendered":"<p>Fernando Botero, Picador, Olio su tela, 1986 Markinson Medrano, I vestiti nuovi dell&#8217;imperatore in &#8220;Picador, 2021, digitale. Calendario Favoloso &#8211; [&hellip;]<\/p>\n","protected":false},"author":3,"featured_media":0,"parent":0,"menu_order":0,"comment_status":"closed","ping_status":"closed","template":"page-templates\/full-width-page.php","meta":{"give_campaign_id":0,"footnotes":""},"class_list":["post-6517","page","type-page","status-publish","hentry"],"yoast_head":"<!-- This site is optimized with the Yoast SEO plugin v27.4 - https:\/\/yoast.com\/product\/yoast-seo-wordpress\/ -->\n<title>maggio_vega - Circolo Vega<\/title>\n<meta name=\"robots\" content=\"index, follow, max-snippet:-1, max-image-preview:large, max-video-preview:-1\" \/>\n<link rel=\"canonical\" href=\"https:\/\/circolovega.org\/ws\/maggio_vega\/\" \/>\n<meta property=\"og:locale\" content=\"it_IT\" \/>\n<meta property=\"og:type\" content=\"article\" \/>\n<meta property=\"og:title\" content=\"maggio_vega - Circolo Vega\" \/>\n<meta property=\"og:description\" content=\"Fernando Botero, Picador, Olio su tela, 1986 Markinson Medrano, I vestiti nuovi dell&#8217;imperatore in &#8220;Picador, 2021, digitale. Calendario Favoloso &#8211; [&hellip;]\" \/>\n<meta property=\"og:url\" content=\"https:\/\/circolovega.org\/ws\/maggio_vega\/\" \/>\n<meta property=\"og:site_name\" content=\"Circolo Vega\" \/>\n<meta property=\"article:publisher\" content=\"https:\/\/www.facebook.com\/circoloVegarciragazzi\" \/>\n<meta property=\"article:modified_time\" content=\"2022-05-09T09:43:57+00:00\" \/>\n<meta property=\"og:image\" content=\"https:\/\/circolovega.org\/ws\/wp-content\/uploads\/2022\/05\/cropped-picador.png\" \/>\n<meta name=\"twitter:card\" content=\"summary_large_image\" \/>\n<meta name=\"twitter:label1\" content=\"Tempo di lettura stimato\" \/>\n\t<meta name=\"twitter:data1\" content=\"3 minuti\" \/>\n<script type=\"application\/ld+json\" class=\"yoast-schema-graph\">{\"@context\":\"https:\\\/\\\/schema.org\",\"@graph\":[{\"@type\":\"WebPage\",\"@id\":\"https:\\\/\\\/circolovega.org\\\/ws\\\/maggio_vega\\\/\",\"url\":\"https:\\\/\\\/circolovega.org\\\/ws\\\/maggio_vega\\\/\",\"name\":\"maggio_vega - Circolo Vega\",\"isPartOf\":{\"@id\":\"https:\\\/\\\/circolovega.org\\\/ws\\\/#website\"},\"primaryImageOfPage\":{\"@id\":\"https:\\\/\\\/circolovega.org\\\/ws\\\/maggio_vega\\\/#primaryimage\"},\"image\":{\"@id\":\"https:\\\/\\\/circolovega.org\\\/ws\\\/maggio_vega\\\/#primaryimage\"},\"thumbnailUrl\":\"https:\\\/\\\/circolovega.org\\\/ws\\\/wp-content\\\/uploads\\\/2022\\\/05\\\/cropped-picador.png\",\"datePublished\":\"2022-05-06T09:32:08+00:00\",\"dateModified\":\"2022-05-09T09:43:57+00:00\",\"breadcrumb\":{\"@id\":\"https:\\\/\\\/circolovega.org\\\/ws\\\/maggio_vega\\\/#breadcrumb\"},\"inLanguage\":\"it-IT\",\"potentialAction\":[{\"@type\":\"ReadAction\",\"target\":[\"https:\\\/\\\/circolovega.org\\\/ws\\\/maggio_vega\\\/\"]}]},{\"@type\":\"ImageObject\",\"inLanguage\":\"it-IT\",\"@id\":\"https:\\\/\\\/circolovega.org\\\/ws\\\/maggio_vega\\\/#primaryimage\",\"url\":\"https:\\\/\\\/circolovega.org\\\/ws\\\/wp-content\\\/uploads\\\/2022\\\/05\\\/cropped-picador.png\",\"contentUrl\":\"https:\\\/\\\/circolovega.org\\\/ws\\\/wp-content\\\/uploads\\\/2022\\\/05\\\/cropped-picador.png\",\"width\":457,\"height\":647,\"caption\":\"Fernando Botero, Picador, Olio su tela, 1986\"},{\"@type\":\"BreadcrumbList\",\"@id\":\"https:\\\/\\\/circolovega.org\\\/ws\\\/maggio_vega\\\/#breadcrumb\",\"itemListElement\":[{\"@type\":\"ListItem\",\"position\":1,\"name\":\"Home\",\"item\":\"https:\\\/\\\/circolovega.org\\\/ws\\\/\"},{\"@type\":\"ListItem\",\"position\":2,\"name\":\"maggio_vega\"}]},{\"@type\":\"WebSite\",\"@id\":\"https:\\\/\\\/circolovega.org\\\/ws\\\/#website\",\"url\":\"https:\\\/\\\/circolovega.org\\\/ws\\\/\",\"name\":\"Circolo Vega\",\"description\":\"Piccoli che pensano in grande!\",\"publisher\":{\"@id\":\"https:\\\/\\\/circolovega.org\\\/ws\\\/#organization\"},\"potentialAction\":[{\"@type\":\"SearchAction\",\"target\":{\"@type\":\"EntryPoint\",\"urlTemplate\":\"https:\\\/\\\/circolovega.org\\\/ws\\\/?s={search_term_string}\"},\"query-input\":{\"@type\":\"PropertyValueSpecification\",\"valueRequired\":true,\"valueName\":\"search_term_string\"}}],\"inLanguage\":\"it-IT\"},{\"@type\":\"Organization\",\"@id\":\"https:\\\/\\\/circolovega.org\\\/ws\\\/#organization\",\"name\":\"Circolo Vega\",\"url\":\"https:\\\/\\\/circolovega.org\\\/ws\\\/\",\"logo\":{\"@type\":\"ImageObject\",\"inLanguage\":\"it-IT\",\"@id\":\"https:\\\/\\\/circolovega.org\\\/ws\\\/#\\\/schema\\\/logo\\\/image\\\/\",\"url\":\"https:\\\/\\\/circolovega.org\\\/ws\\\/wp-content\\\/uploads\\\/2022\\\/02\\\/Logo-vega-ridisegnato-1.png-1.png\",\"contentUrl\":\"https:\\\/\\\/circolovega.org\\\/ws\\\/wp-content\\\/uploads\\\/2022\\\/02\\\/Logo-vega-ridisegnato-1.png-1.png\",\"width\":98,\"height\":99,\"caption\":\"Circolo Vega\"},\"image\":{\"@id\":\"https:\\\/\\\/circolovega.org\\\/ws\\\/#\\\/schema\\\/logo\\\/image\\\/\"},\"sameAs\":[\"https:\\\/\\\/www.facebook.com\\\/circoloVegarciragazzi\",\"https:\\\/\\\/www.instagram.com\\\/stories\\\/circolovega\\\/\"]}]}<\/script>\n<!-- \/ Yoast SEO plugin. -->","yoast_head_json":{"title":"maggio_vega - Circolo Vega","robots":{"index":"index","follow":"follow","max-snippet":"max-snippet:-1","max-image-preview":"max-image-preview:large","max-video-preview":"max-video-preview:-1"},"canonical":"https:\/\/circolovega.org\/ws\/maggio_vega\/","og_locale":"it_IT","og_type":"article","og_title":"maggio_vega - Circolo Vega","og_description":"Fernando Botero, Picador, Olio su tela, 1986 Markinson Medrano, I vestiti nuovi dell&#8217;imperatore in &#8220;Picador, 2021, digitale. Calendario Favoloso &#8211; [&hellip;]","og_url":"https:\/\/circolovega.org\/ws\/maggio_vega\/","og_site_name":"Circolo Vega","article_publisher":"https:\/\/www.facebook.com\/circoloVegarciragazzi","article_modified_time":"2022-05-09T09:43:57+00:00","og_image":[{"url":"https:\/\/circolovega.org\/ws\/wp-content\/uploads\/2022\/05\/cropped-picador.png","type":"","width":"","height":""}],"twitter_card":"summary_large_image","twitter_misc":{"Tempo di lettura stimato":"3 minuti"},"schema":{"@context":"https:\/\/schema.org","@graph":[{"@type":"WebPage","@id":"https:\/\/circolovega.org\/ws\/maggio_vega\/","url":"https:\/\/circolovega.org\/ws\/maggio_vega\/","name":"maggio_vega - Circolo Vega","isPartOf":{"@id":"https:\/\/circolovega.org\/ws\/#website"},"primaryImageOfPage":{"@id":"https:\/\/circolovega.org\/ws\/maggio_vega\/#primaryimage"},"image":{"@id":"https:\/\/circolovega.org\/ws\/maggio_vega\/#primaryimage"},"thumbnailUrl":"https:\/\/circolovega.org\/ws\/wp-content\/uploads\/2022\/05\/cropped-picador.png","datePublished":"2022-05-06T09:32:08+00:00","dateModified":"2022-05-09T09:43:57+00:00","breadcrumb":{"@id":"https:\/\/circolovega.org\/ws\/maggio_vega\/#breadcrumb"},"inLanguage":"it-IT","potentialAction":[{"@type":"ReadAction","target":["https:\/\/circolovega.org\/ws\/maggio_vega\/"]}]},{"@type":"ImageObject","inLanguage":"it-IT","@id":"https:\/\/circolovega.org\/ws\/maggio_vega\/#primaryimage","url":"https:\/\/circolovega.org\/ws\/wp-content\/uploads\/2022\/05\/cropped-picador.png","contentUrl":"https:\/\/circolovega.org\/ws\/wp-content\/uploads\/2022\/05\/cropped-picador.png","width":457,"height":647,"caption":"Fernando Botero, Picador, Olio su tela, 1986"},{"@type":"BreadcrumbList","@id":"https:\/\/circolovega.org\/ws\/maggio_vega\/#breadcrumb","itemListElement":[{"@type":"ListItem","position":1,"name":"Home","item":"https:\/\/circolovega.org\/ws\/"},{"@type":"ListItem","position":2,"name":"maggio_vega"}]},{"@type":"WebSite","@id":"https:\/\/circolovega.org\/ws\/#website","url":"https:\/\/circolovega.org\/ws\/","name":"Circolo Vega","description":"Piccoli che pensano in grande!","publisher":{"@id":"https:\/\/circolovega.org\/ws\/#organization"},"potentialAction":[{"@type":"SearchAction","target":{"@type":"EntryPoint","urlTemplate":"https:\/\/circolovega.org\/ws\/?s={search_term_string}"},"query-input":{"@type":"PropertyValueSpecification","valueRequired":true,"valueName":"search_term_string"}}],"inLanguage":"it-IT"},{"@type":"Organization","@id":"https:\/\/circolovega.org\/ws\/#organization","name":"Circolo Vega","url":"https:\/\/circolovega.org\/ws\/","logo":{"@type":"ImageObject","inLanguage":"it-IT","@id":"https:\/\/circolovega.org\/ws\/#\/schema\/logo\/image\/","url":"https:\/\/circolovega.org\/ws\/wp-content\/uploads\/2022\/02\/Logo-vega-ridisegnato-1.png-1.png","contentUrl":"https:\/\/circolovega.org\/ws\/wp-content\/uploads\/2022\/02\/Logo-vega-ridisegnato-1.png-1.png","width":98,"height":99,"caption":"Circolo Vega"},"image":{"@id":"https:\/\/circolovega.org\/ws\/#\/schema\/logo\/image\/"},"sameAs":["https:\/\/www.facebook.com\/circoloVegarciragazzi","https:\/\/www.instagram.com\/stories\/circolovega\/"]}]}},"campaignId":"","_links":{"self":[{"href":"https:\/\/circolovega.org\/ws\/wp-json\/wp\/v2\/pages\/6517","targetHints":{"allow":["GET"]}}],"collection":[{"href":"https:\/\/circolovega.org\/ws\/wp-json\/wp\/v2\/pages"}],"about":[{"href":"https:\/\/circolovega.org\/ws\/wp-json\/wp\/v2\/types\/page"}],"author":[{"embeddable":true,"href":"https:\/\/circolovega.org\/ws\/wp-json\/wp\/v2\/users\/3"}],"replies":[{"embeddable":true,"href":"https:\/\/circolovega.org\/ws\/wp-json\/wp\/v2\/comments?post=6517"}],"version-history":[{"count":4,"href":"https:\/\/circolovega.org\/ws\/wp-json\/wp\/v2\/pages\/6517\/revisions"}],"predecessor-version":[{"id":6576,"href":"https:\/\/circolovega.org\/ws\/wp-json\/wp\/v2\/pages\/6517\/revisions\/6576"}],"wp:attachment":[{"href":"https:\/\/circolovega.org\/ws\/wp-json\/wp\/v2\/media?parent=6517"}],"curies":[{"name":"wp","href":"https:\/\/api.w.org\/{rel}","templated":true}]}}