{"id":14273,"date":"2024-10-22T08:24:39","date_gmt":"2024-10-22T07:24:39","guid":{"rendered":"https:\/\/circolovega.org\/ws\/?page_id=14273"},"modified":"2024-10-22T08:35:38","modified_gmt":"2024-10-22T07:35:38","slug":"convenzione-dei-diritti","status":"publish","type":"page","link":"https:\/\/circolovega.org\/ws\/convenzione-dei-diritti\/","title":{"rendered":"Convenzione dei diritti"},"content":{"rendered":"<div data-colibri-id=\"14273-c1\" class=\"style-4035 style-local-14273-c1 position-relative\">\n  <!---->\n  <div data-colibri-component=\"section\" data-colibri-id=\"14273-c2\" id=\"custom\" class=\"h-section h-section-global-spacing d-flex align-items-lg-center align-items-md-center align-items-center style-4036 style-local-14273-c2 position-relative\">\n    <!---->\n    <!---->\n    <div class=\"h-section-grid-container h-section-boxed-container\">\n      <!---->\n      <div data-colibri-id=\"14273-c3\" class=\"h-row-container gutters-row-lg-2 gutters-row-md-2 gutters-row-0 gutters-row-v-lg-2 gutters-row-v-md-2 gutters-row-v-2 style-4037 style-local-14273-c3 position-relative\">\n        <!---->\n        <div class=\"h-row justify-content-lg-center justify-content-md-center justify-content-center align-items-lg-stretch align-items-md-stretch align-items-stretch gutters-col-lg-2 gutters-col-md-2 gutters-col-0 gutters-col-v-lg-2 gutters-col-v-md-2 gutters-col-v-2\">\n          <!---->\n          <div class=\"h-column h-column-container d-flex h-col-lg-auto h-col-md-auto h-col-auto style-4038-outer style-local-14273-c4-outer\">\n            <div data-colibri-id=\"14273-c4\" class=\"d-flex h-flex-basis h-column__inner h-px-lg-2 h-px-md-2 h-px-2 v-inner-lg-2 v-inner-md-2 v-inner-2 style-4038 style-local-14273-c4 position-relative\">\n              <!---->\n              <!---->\n              <div class=\"w-100 h-y-container h-column__content h-column__v-align flex-basis-100 align-self-lg-start align-self-md-start align-self-start\">\n                <!---->\n                <div data-colibri-id=\"14273-c6\" class=\"d-block style-4040 style-local-14273-c6 position-relative h-element\">\n                  <!---->\n                  <div class=\"h-image__frame-container-outer\">\n                    <a href=\"https:\/\/circolovega.org\/ws\/wp-content\/uploads\/2024\/10\/idi_crcprotocolli_211012.pdf\" target=\"_blank\" h-use-smooth-scroll=\"true\" class=\"image-link\" rel=\"noopener\">\n                      <div class=\"h-image__frame-container\">\n                        <!---->\n                        <!---->\n                        <img loading=\"lazy\" decoding=\"async\" width=\"1871\" height=\"2560\" src=\"https:\/\/circolovega.org\/ws\/wp-content\/uploads\/2024\/10\/copertina-scaled.jpg\" class=\"wp-image-14283 style-4040-image style-local-14273-c6-image\" alt=\"\" srcset=\"https:\/\/circolovega.org\/ws\/wp-content\/uploads\/2024\/10\/copertina-scaled.jpg 1871w, https:\/\/circolovega.org\/ws\/wp-content\/uploads\/2024\/10\/copertina-219x300.jpg 219w, https:\/\/circolovega.org\/ws\/wp-content\/uploads\/2024\/10\/copertina-749x1024.jpg 749w, https:\/\/circolovega.org\/ws\/wp-content\/uploads\/2024\/10\/copertina-768x1051.jpg 768w, https:\/\/circolovega.org\/ws\/wp-content\/uploads\/2024\/10\/copertina-1123x1536.jpg 1123w, https:\/\/circolovega.org\/ws\/wp-content\/uploads\/2024\/10\/copertina-1497x2048.jpg 1497w, https:\/\/circolovega.org\/ws\/wp-content\/uploads\/2024\/10\/copertina-600x821.jpg 600w, https:\/\/circolovega.org\/ws\/wp-content\/uploads\/2024\/10\/copertina-44x60.jpg 44w, https:\/\/circolovega.org\/ws\/wp-content\/uploads\/2024\/10\/copertina-66x90.jpg 66w\" sizes=\"auto, (max-width: 1871px) 100vw, 1871px\" \/>\n                        <div class=\"h-image__frame h-hide-lg h-hide-md h-hide-sm style-4040-frameImage style-local-14273-c6-frameImage\"><\/div>\n                      <\/div>\n                    <\/a>\n                  <\/div>\n                <\/div>\n              <\/div>\n            <\/div>\n          <\/div>\n          <div class=\"h-column h-column-container d-flex h-col-lg-auto h-col-md-auto h-col-auto style-4039-outer style-local-14273-c5-outer\">\n            <div data-colibri-id=\"14273-c5\" class=\"d-flex h-flex-basis h-column__inner h-px-lg-2 h-px-md-2 h-px-2 v-inner-lg-2 v-inner-md-2 v-inner-2 style-4039 style-local-14273-c5 position-relative\">\n              <!---->\n              <!---->\n              <div class=\"w-100 h-y-container h-column__content h-column__v-align flex-basis-100 align-self-lg-start align-self-md-start align-self-start\">\n                <!---->\n                <div data-colibri-id=\"14273-c7\" class=\"h-text h-text-component style-4041 style-local-14273-c7 position-relative h-element\">\n                  <!---->\n                  <!---->\n                  <div class=\"\">\n                    <p><span style=\"font-size: 103%; font-family: Lato; color: rgb(36, 36, 36);\">Il nostro scopo \u00e8 promuovere i <\/span><strong style=\"font-size: 103%; font-family: Lato; color: rgb(36, 36, 36);\">diritti dell\u2019uomo<\/strong><span style=\"font-size: 103%; font-family: Lato; color: rgb(36, 36, 36);\">, <\/span>\n                      <strong\n                        style=\"font-size: 103%; font-family: Lato; color: rgb(36, 36, 36);\">a partire da quelli dell\u2019infanzia <\/strong><span style=\"font-size: 103%; font-family: Lato; color: rgb(36, 36, 36);\">e creare opportunit\u00e0 per bambin*, ragazz* e comunit\u00e0. Affermare un progetto educativo che riconosca un ruolo attivo a ciascuno, valorizzando le potenzialit\u00e0 individuali e promuovendo l\u2019espressione delle diversit\u00e0, il senso di appartenenza al contesto e lo scambio intergenerazionale ed interculturale.<\/span>\n                        <br>\n                        <br><strong>Scopri la convenzione ONU sui Diritti dell&#8217;infanzia e dell&#8217;adolescenza.<\/strong><\/p>\n                  <\/div>\n                <\/div>\n                <div data-colibri-id=\"14273-c8\" class=\"h-x-container style-4042 style-local-14273-c8 position-relative h-element\">\n                  <!---->\n                  <div class=\"h-x-container-inner style-dynamic-14273-c8-group style-4042-spacing style-local-14273-c8-spacing\"><span class=\"h-button__outer style-4043-outer style-local-14273-c9-outer d-inline-flex h-element\"><a h-use-smooth-scroll=\"true\" href=\"https:\/\/circolovega.org\/ws\/wp-content\/uploads\/2024\/10\/idi_crcprotocolli_211012.pdf\" target=\"_blank\" data-colibri-id=\"14273-c9\" class=\"d-flex w-100 align-items-center h-button justify-content-lg-center justify-content-md-center justify-content-center style-4043 style-local-14273-c9 position-relative\" rel=\"noopener\"><!----><!----> <span>scaricala qui<\/span><\/a>\n                    <\/span>\n                  <\/div>\n                <\/div>\n              <\/div>\n            <\/div>\n          <\/div>\n        <\/div>\n      <\/div>\n    <\/div>\n  <\/div>\n<\/div>","protected":false},"excerpt":{"rendered":"<p>Il nostro scopo \u00e8 promuovere i diritti dell\u2019uomo, a partire da quelli dell\u2019infanzia e creare opportunit\u00e0 per bambin*, ragazz* e [&hellip;]<\/p>\n","protected":false},"author":3,"featured_media":0,"parent":0,"menu_order":0,"comment_status":"closed","ping_status":"closed","template":"page-templates\/full-width-page.php","meta":{"give_campaign_id":0,"footnotes":""},"class_list":["post-14273","page","type-page","status-publish","hentry"],"yoast_head":"<!-- This site is optimized with the Yoast SEO plugin v27.4 - https:\/\/yoast.com\/product\/yoast-seo-wordpress\/ -->\n<title>Convenzione dei diritti - Circolo Vega<\/title>\n<meta name=\"robots\" content=\"index, follow, max-snippet:-1, max-image-preview:large, max-video-preview:-1\" \/>\n<link rel=\"canonical\" href=\"https:\/\/circolovega.org\/ws\/convenzione-dei-diritti\/\" \/>\n<meta property=\"og:locale\" content=\"it_IT\" \/>\n<meta property=\"og:type\" content=\"article\" \/>\n<meta property=\"og:title\" content=\"Convenzione dei diritti - Circolo Vega\" \/>\n<meta property=\"og:description\" content=\"Il nostro scopo \u00e8 promuovere i diritti dell\u2019uomo, a partire da quelli dell\u2019infanzia e creare opportunit\u00e0 per bambin*, ragazz* e [&hellip;]\" \/>\n<meta property=\"og:url\" content=\"https:\/\/circolovega.org\/ws\/convenzione-dei-diritti\/\" \/>\n<meta property=\"og:site_name\" content=\"Circolo Vega\" \/>\n<meta property=\"article:publisher\" content=\"https:\/\/www.facebook.com\/circoloVegarciragazzi\" \/>\n<meta property=\"article:modified_time\" content=\"2024-10-22T07:35:38+00:00\" \/>\n<meta property=\"og:image\" content=\"https:\/\/circolovega.org\/ws\/wp-content\/uploads\/2024\/10\/copertina-scaled.jpg\" \/>\n<meta name=\"twitter:card\" content=\"summary_large_image\" \/>\n<script type=\"application\/ld+json\" class=\"yoast-schema-graph\">{\"@context\":\"https:\\\/\\\/schema.org\",\"@graph\":[{\"@type\":\"WebPage\",\"@id\":\"https:\\\/\\\/circolovega.org\\\/ws\\\/convenzione-dei-diritti\\\/\",\"url\":\"https:\\\/\\\/circolovega.org\\\/ws\\\/convenzione-dei-diritti\\\/\",\"name\":\"Convenzione dei diritti - Circolo Vega\",\"isPartOf\":{\"@id\":\"https:\\\/\\\/circolovega.org\\\/ws\\\/#website\"},\"primaryImageOfPage\":{\"@id\":\"https:\\\/\\\/circolovega.org\\\/ws\\\/convenzione-dei-diritti\\\/#primaryimage\"},\"image\":{\"@id\":\"https:\\\/\\\/circolovega.org\\\/ws\\\/convenzione-dei-diritti\\\/#primaryimage\"},\"thumbnailUrl\":\"https:\\\/\\\/circolovega.org\\\/ws\\\/wp-content\\\/uploads\\\/2024\\\/10\\\/copertina-scaled.jpg\",\"datePublished\":\"2024-10-22T07:24:39+00:00\",\"dateModified\":\"2024-10-22T07:35:38+00:00\",\"breadcrumb\":{\"@id\":\"https:\\\/\\\/circolovega.org\\\/ws\\\/convenzione-dei-diritti\\\/#breadcrumb\"},\"inLanguage\":\"it-IT\",\"potentialAction\":[{\"@type\":\"ReadAction\",\"target\":[\"https:\\\/\\\/circolovega.org\\\/ws\\\/convenzione-dei-diritti\\\/\"]}]},{\"@type\":\"ImageObject\",\"inLanguage\":\"it-IT\",\"@id\":\"https:\\\/\\\/circolovega.org\\\/ws\\\/convenzione-dei-diritti\\\/#primaryimage\",\"url\":\"https:\\\/\\\/circolovega.org\\\/ws\\\/wp-content\\\/uploads\\\/2024\\\/10\\\/copertina-scaled.jpg\",\"contentUrl\":\"https:\\\/\\\/circolovega.org\\\/ws\\\/wp-content\\\/uploads\\\/2024\\\/10\\\/copertina-scaled.jpg\",\"width\":1871,\"height\":2560},{\"@type\":\"BreadcrumbList\",\"@id\":\"https:\\\/\\\/circolovega.org\\\/ws\\\/convenzione-dei-diritti\\\/#breadcrumb\",\"itemListElement\":[{\"@type\":\"ListItem\",\"position\":1,\"name\":\"Home\",\"item\":\"https:\\\/\\\/circolovega.org\\\/ws\\\/\"},{\"@type\":\"ListItem\",\"position\":2,\"name\":\"Convenzione dei diritti\"}]},{\"@type\":\"WebSite\",\"@id\":\"https:\\\/\\\/circolovega.org\\\/ws\\\/#website\",\"url\":\"https:\\\/\\\/circolovega.org\\\/ws\\\/\",\"name\":\"Circolo Vega\",\"description\":\"Piccoli che pensano in grande!\",\"publisher\":{\"@id\":\"https:\\\/\\\/circolovega.org\\\/ws\\\/#organization\"},\"potentialAction\":[{\"@type\":\"SearchAction\",\"target\":{\"@type\":\"EntryPoint\",\"urlTemplate\":\"https:\\\/\\\/circolovega.org\\\/ws\\\/?s={search_term_string}\"},\"query-input\":{\"@type\":\"PropertyValueSpecification\",\"valueRequired\":true,\"valueName\":\"search_term_string\"}}],\"inLanguage\":\"it-IT\"},{\"@type\":\"Organization\",\"@id\":\"https:\\\/\\\/circolovega.org\\\/ws\\\/#organization\",\"name\":\"Circolo Vega\",\"url\":\"https:\\\/\\\/circolovega.org\\\/ws\\\/\",\"logo\":{\"@type\":\"ImageObject\",\"inLanguage\":\"it-IT\",\"@id\":\"https:\\\/\\\/circolovega.org\\\/ws\\\/#\\\/schema\\\/logo\\\/image\\\/\",\"url\":\"https:\\\/\\\/circolovega.org\\\/ws\\\/wp-content\\\/uploads\\\/2022\\\/02\\\/Logo-vega-ridisegnato-1.png-1.png\",\"contentUrl\":\"https:\\\/\\\/circolovega.org\\\/ws\\\/wp-content\\\/uploads\\\/2022\\\/02\\\/Logo-vega-ridisegnato-1.png-1.png\",\"width\":98,\"height\":99,\"caption\":\"Circolo Vega\"},\"image\":{\"@id\":\"https:\\\/\\\/circolovega.org\\\/ws\\\/#\\\/schema\\\/logo\\\/image\\\/\"},\"sameAs\":[\"https:\\\/\\\/www.facebook.com\\\/circoloVegarciragazzi\",\"https:\\\/\\\/www.instagram.com\\\/stories\\\/circolovega\\\/\"]}]}<\/script>\n<!-- \/ Yoast SEO plugin. -->","yoast_head_json":{"title":"Convenzione dei diritti - Circolo Vega","robots":{"index":"index","follow":"follow","max-snippet":"max-snippet:-1","max-image-preview":"max-image-preview:large","max-video-preview":"max-video-preview:-1"},"canonical":"https:\/\/circolovega.org\/ws\/convenzione-dei-diritti\/","og_locale":"it_IT","og_type":"article","og_title":"Convenzione dei diritti - Circolo Vega","og_description":"Il nostro scopo \u00e8 promuovere i diritti dell\u2019uomo, a partire da quelli dell\u2019infanzia e creare opportunit\u00e0 per bambin*, ragazz* e [&hellip;]","og_url":"https:\/\/circolovega.org\/ws\/convenzione-dei-diritti\/","og_site_name":"Circolo Vega","article_publisher":"https:\/\/www.facebook.com\/circoloVegarciragazzi","article_modified_time":"2024-10-22T07:35:38+00:00","og_image":[{"url":"https:\/\/circolovega.org\/ws\/wp-content\/uploads\/2024\/10\/copertina-scaled.jpg","type":"","width":"","height":""}],"twitter_card":"summary_large_image","schema":{"@context":"https:\/\/schema.org","@graph":[{"@type":"WebPage","@id":"https:\/\/circolovega.org\/ws\/convenzione-dei-diritti\/","url":"https:\/\/circolovega.org\/ws\/convenzione-dei-diritti\/","name":"Convenzione dei diritti - Circolo Vega","isPartOf":{"@id":"https:\/\/circolovega.org\/ws\/#website"},"primaryImageOfPage":{"@id":"https:\/\/circolovega.org\/ws\/convenzione-dei-diritti\/#primaryimage"},"image":{"@id":"https:\/\/circolovega.org\/ws\/convenzione-dei-diritti\/#primaryimage"},"thumbnailUrl":"https:\/\/circolovega.org\/ws\/wp-content\/uploads\/2024\/10\/copertina-scaled.jpg","datePublished":"2024-10-22T07:24:39+00:00","dateModified":"2024-10-22T07:35:38+00:00","breadcrumb":{"@id":"https:\/\/circolovega.org\/ws\/convenzione-dei-diritti\/#breadcrumb"},"inLanguage":"it-IT","potentialAction":[{"@type":"ReadAction","target":["https:\/\/circolovega.org\/ws\/convenzione-dei-diritti\/"]}]},{"@type":"ImageObject","inLanguage":"it-IT","@id":"https:\/\/circolovega.org\/ws\/convenzione-dei-diritti\/#primaryimage","url":"https:\/\/circolovega.org\/ws\/wp-content\/uploads\/2024\/10\/copertina-scaled.jpg","contentUrl":"https:\/\/circolovega.org\/ws\/wp-content\/uploads\/2024\/10\/copertina-scaled.jpg","width":1871,"height":2560},{"@type":"BreadcrumbList","@id":"https:\/\/circolovega.org\/ws\/convenzione-dei-diritti\/#breadcrumb","itemListElement":[{"@type":"ListItem","position":1,"name":"Home","item":"https:\/\/circolovega.org\/ws\/"},{"@type":"ListItem","position":2,"name":"Convenzione dei diritti"}]},{"@type":"WebSite","@id":"https:\/\/circolovega.org\/ws\/#website","url":"https:\/\/circolovega.org\/ws\/","name":"Circolo Vega","description":"Piccoli che pensano in grande!","publisher":{"@id":"https:\/\/circolovega.org\/ws\/#organization"},"potentialAction":[{"@type":"SearchAction","target":{"@type":"EntryPoint","urlTemplate":"https:\/\/circolovega.org\/ws\/?s={search_term_string}"},"query-input":{"@type":"PropertyValueSpecification","valueRequired":true,"valueName":"search_term_string"}}],"inLanguage":"it-IT"},{"@type":"Organization","@id":"https:\/\/circolovega.org\/ws\/#organization","name":"Circolo Vega","url":"https:\/\/circolovega.org\/ws\/","logo":{"@type":"ImageObject","inLanguage":"it-IT","@id":"https:\/\/circolovega.org\/ws\/#\/schema\/logo\/image\/","url":"https:\/\/circolovega.org\/ws\/wp-content\/uploads\/2022\/02\/Logo-vega-ridisegnato-1.png-1.png","contentUrl":"https:\/\/circolovega.org\/ws\/wp-content\/uploads\/2022\/02\/Logo-vega-ridisegnato-1.png-1.png","width":98,"height":99,"caption":"Circolo Vega"},"image":{"@id":"https:\/\/circolovega.org\/ws\/#\/schema\/logo\/image\/"},"sameAs":["https:\/\/www.facebook.com\/circoloVegarciragazzi","https:\/\/www.instagram.com\/stories\/circolovega\/"]}]}},"campaignId":"","_links":{"self":[{"href":"https:\/\/circolovega.org\/ws\/wp-json\/wp\/v2\/pages\/14273","targetHints":{"allow":["GET"]}}],"collection":[{"href":"https:\/\/circolovega.org\/ws\/wp-json\/wp\/v2\/pages"}],"about":[{"href":"https:\/\/circolovega.org\/ws\/wp-json\/wp\/v2\/types\/page"}],"author":[{"embeddable":true,"href":"https:\/\/circolovega.org\/ws\/wp-json\/wp\/v2\/users\/3"}],"replies":[{"embeddable":true,"href":"https:\/\/circolovega.org\/ws\/wp-json\/wp\/v2\/comments?post=14273"}],"version-history":[{"count":3,"href":"https:\/\/circolovega.org\/ws\/wp-json\/wp\/v2\/pages\/14273\/revisions"}],"predecessor-version":[{"id":14294,"href":"https:\/\/circolovega.org\/ws\/wp-json\/wp\/v2\/pages\/14273\/revisions\/14294"}],"wp:attachment":[{"href":"https:\/\/circolovega.org\/ws\/wp-json\/wp\/v2\/media?parent=14273"}],"curies":[{"name":"wp","href":"https:\/\/api.w.org\/{rel}","templated":true}]}}