{"id":10291,"date":"2023-08-23T17:29:07","date_gmt":"2023-08-23T16:29:07","guid":{"rendered":"https:\/\/circolovega.org\/ws\/?page_id=10291"},"modified":"2023-08-23T17:42:09","modified_gmt":"2023-08-23T16:42:09","slug":"privacy","status":"publish","type":"page","link":"https:\/\/circolovega.org\/ws\/privacy\/","title":{"rendered":"PRIVACY"},"content":{"rendered":"<div data-colibri-id=\"10291-c1\" class=\"style-3320 style-local-10291-c1 position-relative\">\n  <!---->\n  <div data-colibri-component=\"section\" data-colibri-id=\"10291-c2\" id=\"custom\" class=\"h-section h-section-global-spacing d-flex align-items-lg-center align-items-md-center align-items-center style-3330 style-local-10291-c2 position-relative\">\n    <!---->\n    <!---->\n    <div class=\"h-section-grid-container h-section-boxed-container\">\n      <!---->\n      <div data-colibri-id=\"10291-c3\" class=\"h-row-container gutters-row-lg-2 gutters-row-md-2 gutters-row-0 gutters-row-v-lg-2 gutters-row-v-md-2 gutters-row-v-2 style-3331 style-local-10291-c3 position-relative\">\n        <!---->\n        <div class=\"h-row justify-content-lg-center justify-content-md-center justify-content-center align-items-lg-stretch align-items-md-stretch align-items-stretch gutters-col-lg-2 gutters-col-md-2 gutters-col-0 gutters-col-v-lg-2 gutters-col-v-md-2 gutters-col-v-2\">\n          <!---->\n          <div class=\"h-column h-column-container d-flex h-col-lg-auto h-col-md-auto h-col-auto style-3332-outer style-local-10291-c4-outer\">\n            <div data-colibri-id=\"10291-c4\" class=\"d-flex h-flex-basis h-column__inner h-px-lg-2 h-px-md-2 h-px-2 v-inner-lg-2 v-inner-md-2 v-inner-2 style-3332 style-local-10291-c4 position-relative\">\n              <!---->\n              <!---->\n              <div class=\"w-100 h-y-container h-column__content h-column__v-align flex-basis-100 align-self-lg-start align-self-md-start align-self-start\">\n                <!---->\n                <div data-colibri-id=\"10291-c5\" class=\"h-global-transition-all h-heading style-3333 style-local-10291-c5 position-relative h-element\">\n                  <!---->\n                  <div class=\"h-heading__outer style-3333 style-local-10291-c5\">\n                    <!---->\n                    <!---->\n                    <h1 class=\"\">PRIVACY<\/h1>\n                  <\/div>\n                <\/div>\n              <\/div>\n            <\/div>\n          <\/div>\n        <\/div>\n      <\/div>\n      <div data-colibri-id=\"10291-c6\" class=\"h-row-container gutters-row-lg-0 gutters-row-md-0 gutters-row-0 gutters-row-v-lg-0 gutters-row-v-md-0 gutters-row-v-0 style-3334 style-local-10291-c6 position-relative\">\n        <!---->\n        <div class=\"h-row justify-content-lg-center justify-content-md-center justify-content-center align-items-lg-stretch align-items-md-stretch align-items-stretch gutters-col-lg-0 gutters-col-md-0 gutters-col-0 gutters-col-v-lg-0 gutters-col-v-md-0 gutters-col-v-0\">\n          <!---->\n          <div class=\"h-column h-column-container d-flex h-col-lg-auto h-col-md-auto h-col-auto style-3335-outer style-local-10291-c7-outer\">\n            <div data-colibri-id=\"10291-c7\" class=\"d-flex h-flex-basis h-column__inner h-px-lg-2 h-px-md-2 h-px-2 v-inner-lg-2 v-inner-md-2 v-inner-2 style-3335 style-local-10291-c7 position-relative\">\n              <!---->\n              <!---->\n              <div class=\"w-100 h-y-container h-column__content h-column__v-align flex-basis-100 align-self-lg-start align-self-md-start align-self-start\">\n                <!---->\n                <div data-colibri-id=\"10291-c8\" class=\"h-text h-text-component style-3336 style-local-10291-c8 position-relative h-element\">\n                  <!---->\n                  <!---->\n                  <div class=\"\">\n                    <p><strong>Soggetti Interessati: Navigatori, fruitori dei servizi ed iscritti alla newsletter<\/strong>&nbsp;<\/p>\n                    <p>&nbsp;\u201c<strong>CIRCOLO VEGA APS<\/strong>\u201d, nella qualit\u00e0 di Titolare del trattamento dei Suoi dati personali, ai sensi e per gli effetti del Regolamento (UE) 2016\/679 di seguito &#8216;GDPR&#8217;, con la presente La informa che la citata normativa\n                      prevede la tutela degli interessati rispetto al trattamento dei dati personali e che tale trattamento sar\u00e0 improntato ai principi di correttezza, liceit\u00e0, trasparenza e di tutela della Sua riservatezza e dei Suoi diritti.&nbsp;\n                      <br>Per realizzare le proprie finalit\u00e0, relative alla gestione del rapporto, il Titolare ha necessit\u00e0 di acquisire dati personali, quali, a titolo esemplificativo, il nome ed il cognome, il numero di telefono o di cellulare, l\u2019indirizzo\n                      email, il codice fiscale.\n                      <br>I Suoi dati personali verranno trattati in accordo alle disposizioni legislative della normativa sopra richiamata e degli obblighi di riservatezza ivi previsti.<\/p>\n                    <p><strong>Finalit\u00e0 facoltative:&nbsp;<\/strong>Marketing &#8211; servizio di ricezione newsletter: in particolare i Suoi dati verranno trattati, previo Suo libero consenso, per la ricezione di newsletter, inserendo il proprio indirizzo email\n                      nell\u2019apposita casella di testo recante le indicazioni in merito all\u2019iscrizione alla newsletter, oppure selezionando\/spuntando l\u2019apposita casella indicante \u201ciscrizione alle newsletter\u201d presente in un form.&nbsp;<\/p>\n                    <p><strong>Base giuridica:<\/strong>&nbsp;La base giuridica del trattamento \u00e8 il consenso dell\u2019interessato.\n                      <br>Conseguenze del rifiuto alle finalit\u00e0 facoltative: Il conferimento dei dati \u00e8 per Lei facoltativo riguardo alle sopraindicate finalit\u00e0, ed un Suo eventuale rifiuto al trattamento non compromette la prosecuzione del rapporto o la\n                      congruit\u00e0 del trattamento stesso.<\/p>\n                    <p><strong>Conseguenze della mancata comunicazione<\/strong>: il trattamento dei dati funzionali per l&#8217;espletamento di tali obblighi \u00e8 necessario per una corretta gestione del rapporto ed il loro conferimento \u00e8 obbligatorio per attuare\n                      le finalit\u00e0 sopra indicate. Il Titolare rende noto, inoltre, che l&#8217;eventuale non comunicazione, o comunicazione errata, di una delle informazioni obbligatorie, pu\u00f2 causare l&#8217;impossibilit\u00e0 del Titolare di garantire la congruit\u00e0 del\n                      trattamento stesso.\n                      <br>Modalit\u00e0 del trattamento: Il trattamento \u00e8 effettuato con strumenti manuali e\/o informatici e telematici, in modo da garantire la sicurezza, l\u2019integrit\u00e0 e la riservatezza dei dati nel rispetto delle misure organizzative fisiche e\n                      logiche, previste dalle disposizioni vigenti, in modo da ridurre al minimo i rischi di distruzione o perdita, accesso non consentito, modifica e divulgazione non autorizzata nel rispetto delle modalit\u00e0 di cui agli artt. 6, 32 del\n                      GDPR.<\/p>\n                    <p><strong>Destinatari:<\/strong>&nbsp;Per lo svolgimento di talune attivit\u00e0, o per fornire supporto al funzionamento ed all&#8217;organizzazione dell\u2019attivit\u00e0, alcuni dati potranno essere portati a conoscenza o comunicati a destinatari. Tali\n                      soggetti si distinguono in:&nbsp;\n                      <br>Terzi: (comunicazione a: persone fisiche o giuridiche, autorit\u00e0 pubbliche, servizio o altro organismo che non sia l\u2019interessato, il titolare del trattamento, il responsabile del trattamento e le persone autorizzate responsabili del\n                      trattamento) fra cui:&nbsp;\n                      <br>&#8211; Eventuali altri soggetti la cui comunicazione dei dati \u00e8 necessaria per il raggiungimento delle finalit\u00e0 sopra indicate.&nbsp;\n                      <br>Responsabili del trattamento: (la persona fisica o giuridica, l\u2019autorit\u00e0 pubblica, il servizio o altro organismo che tratta dati personali per conto del titolare del trattamento)\n                      <br>Fornitori di servizi di informatica, web, o altri servizi necessari al raggiungimento delle finalit\u00e0 necessarie alla gestione del rapporto.\n                      <br>All\u2019interno della struttura aziendale, i Suoi dati saranno trattati unicamente da personale espressamente autorizzato dal Titolare, con assicurazione di adozione di accordo di riservatezza ed, in particolare, dalle seguenti categorie\n                      di addetti:\n                      <br>&#8211; Amministrazione;&nbsp;\n                      <br>&#8211; Altri addetti il cui trattamento \u00e8 necessario per la corretta esecuzione del rapporto;<\/p>\n                    <p><strong>Diffusione:<\/strong>&nbsp;I suoi dati personali non verranno diffusi in alcun modo.\n                      <br>Trasferimento dei dati in paesi terzi: Il titolare non trasferisce dati personali in Paesi Extra UE. Qualora ve ne sia la necessit\u00e0 saranno previamente informati gli interessati, e verranno adottate misure di garanzia per il trasferimento\n                      nei confronti dei destinatari, che a seconda delle casistiche potranno essere: verifica dell\u2019esistenza di decisioni di adeguatezza per il Paese destinatario da parte della Commissione, sottoscrizione di clausole contrattuali standard,\n                      verifica dell\u2019adozione di eventuali misure supplementari in recepimento della raccomandazione 01\/2020 EDPB. In deroga a tali garanzie, per i trattamenti dati (in rif. dell\u2019art. 49 del GDPR), ove applicabile si verifica l\u2019esistenza\n                      di un contratto o misure precontrattuali a favore del soggetto interessato od il consenso al trasferimento.\n                      <br>Periodo di conservazione: Le segnaliamo che, nel rispetto dei principi di liceit\u00e0, limitazione delle finalit\u00e0, minimizzazione dei dati, ai sensi dell\u2019art. 5 del GDPR, il periodo di conservazione dei Suoi dati personali \u00e8 stabilito\n                      per un arco di tempo non superiore al conseguimento delle finalit\u00e0 per le quali sono raccolti e trattati, nel caso in cui sia sottoscritto un contratto tale periodo di conservazione pu\u00f2 cessare con la decadenza o recesso del contratto,\n                      gli stessi dsti possono essere conservati, ove applicabile, per un periodo di tempo ulteriore al fine della gestione di eventuali contenziosi, la base giuridica di tale conservazione \u00e8 il legittimo interesse del titolare del trattamento.\n                      Il periodo di conservazione per i trattamenti dati relativi al marketing \u00e8 funzionale alle finalit\u00e0 perseguite dal titolare del trattamento, e in ogni caso non superiore a 3 anni dall\u2019ultimo contatto, o riscontro ricevuto.<\/p>\n                    <p><strong>Titolare del Trattamento:&nbsp;<\/strong>il Titolare del trattamento dei dati, ai sensi della normativa \u00e8 \u201cCIRCOLO VEGA APS\u201d, con sede legale ed operativa in Salita Famagosta,3r Genova, C.F.: 95019680107 nella persona del suo\n                      legale rappresentante.\n                      <br>Mediante l\u2019invio di una e-mail al seguente indirizzo info@circolovega.it potr\u00e0 richiedere maggiori informazioni in merito ai dati conferiti.&nbsp;<\/p>\n                    <p><strong>Reg.to UE 2016\/679: Artt. 15, 16, 17, 18, 19, 20, 21, 22, 23 &#8211; Diritti dell&#8217;Interessato<\/strong>\n                      <br>1. L&#8217;interessato ha diritto di ottenere la conferma dell&#8217;esistenza o meno di dati personali che lo riguardano, anche se non ancora registrati, e la loro comunicazione in forma intelligibile.\n                      <br>2. L&#8217;interessato ha diritto di ottenere l&#8217;indicazione:\n                      <br>a. dell&#8217;origine dei dati personali;\n                      <br>b. delle finalit\u00e0 e modalit\u00e0 del trattamento;\n                      <br>c. della logica applicata in caso di trattamento effettuato con l&#8217;ausilio di strumenti elettronici;\n                      <br>d. degli estremi identificativi del titolare, dei responsabili e del rappresentante designato ai sensi dell&#8217;articolo 5, comma 2;\n                      <br>e. dei soggetti o delle categorie di soggetti ai quali i dati personali possono essere comunicati o che possono venirne a conoscenza in qualit\u00e0 di rappresentante designato nel territorio dello Stato, di responsabili o incaricati.\n                      <br>3. L&#8217;interessato ha diritto di ottenere:\n                      <br>a. l&#8217;aggiornamento, la rettificazione ovvero, quando vi ha interesse, l&#8217;integrazione dei dati;\n                      <br>b. la cancellazione, la trasformazione in forma anonima o il blocco dei dati trattati in violazione di legge, compresi quelli di cui non \u00e8 necessaria la conservazione in relazione agli scopi per i quali i dati sono stati raccolti\n                      o successivamente trattati;\n                      <br>c. l&#8217;attestazione che le operazioni di cui alle lettere a) e b) sono state portate a conoscenza, anche per quanto riguarda il loro contenuto, di coloro ai quali i dati sono stati comunicati o diffusi, eccettuato il caso in cui tale\n                      adempimento si rivela impossibile o comporta un impiego di mezzi manifestamente sproporzionato rispetto al diritto tutelato;\n                      <br>d. la portabilit\u00e0 dei dati.\n                      <br>4. L&#8217;interessato ha diritto di opporsi, in tutto o in parte:\n                      <br>a. per motivi legittimi al trattamento dei dati personali che lo riguardano, ancorch\u00e9 pertinenti allo scopo della raccolta;\n                      <br>b. al trattamento di dati personali che lo riguardano a fini di invio di materiale pubblicitario o di vendita diretta o per il compimento di ricerche di mercato o di comunicazione commerciale.\n                      <br>Reclamo: Gli interessati, ricorrendone i presupposti, hanno, altres\u00ec, il diritto di proporre reclamo al Garante quale autorit\u00e0 di controllo secondo le procedure previste. Per qualsiasi ulteriore informazione, e per far valere i diritti\n                      a Lei riconosciuti dal Regolamento europeo, potr\u00e0 rivolgersi al titolare del trattamento ai riferimenti sopra riporti.&nbsp;<\/p>\n                    <p><strong>Consenso<\/strong>\n                      <br><strong>Formula di acquisizione del consenso dell&#8217;interessato<\/strong><\/p>\n                    <p>Il Suo consenso per la ricezione della newsletter sar\u00e0 registrato (indirizzo IP, email, data e ora) barrando la casella sottostante l\u2019inserimento dell\u2019email, od a seguito dell\u2019apposizione \/ cliccando nella apposita casella, e congiuntamente\n                      alla pressione del pulsante \u201cinvio\u201d \/ \u201cok\u201d. Tale consenso sar\u00e0 archiviato per comprovarne il conferimento, e permetterLe in ogni momento la disiscrizione, oltre a tutti gli altri diritti sopraesposti.<\/p>\n                    <p>\n                      <br>\n                    <\/p>\n                  <\/div>\n                <\/div>\n              <\/div>\n            <\/div>\n          <\/div>\n        <\/div>\n      <\/div>\n    <\/div>\n  <\/div>\n<\/div>","protected":false},"excerpt":{"rendered":"<p>PRIVACY Soggetti Interessati: Navigatori, fruitori dei servizi ed iscritti alla newsletter&nbsp; &nbsp;\u201cCIRCOLO VEGA APS\u201d, nella qualit\u00e0 di Titolare del trattamento [&hellip;]<\/p>\n","protected":false},"author":3,"featured_media":0,"parent":0,"menu_order":0,"comment_status":"closed","ping_status":"closed","template":"page-templates\/full-width-page.php","meta":{"give_campaign_id":0,"footnotes":""},"class_list":["post-10291","page","type-page","status-publish","hentry"],"yoast_head":"<!-- This site is optimized with the Yoast SEO plugin v27.4 - https:\/\/yoast.com\/product\/yoast-seo-wordpress\/ -->\n<title>PRIVACY - Circolo Vega<\/title>\n<meta name=\"robots\" content=\"index, follow, max-snippet:-1, max-image-preview:large, max-video-preview:-1\" \/>\n<link rel=\"canonical\" href=\"https:\/\/circolovega.org\/ws\/privacy\/\" \/>\n<meta property=\"og:locale\" content=\"it_IT\" \/>\n<meta property=\"og:type\" content=\"article\" \/>\n<meta property=\"og:title\" content=\"PRIVACY - Circolo Vega\" \/>\n<meta property=\"og:description\" content=\"PRIVACY Soggetti Interessati: Navigatori, fruitori dei servizi ed iscritti alla newsletter&nbsp; &nbsp;\u201cCIRCOLO VEGA APS\u201d, nella qualit\u00e0 di Titolare del trattamento [&hellip;]\" \/>\n<meta property=\"og:url\" content=\"https:\/\/circolovega.org\/ws\/privacy\/\" \/>\n<meta property=\"og:site_name\" content=\"Circolo Vega\" \/>\n<meta property=\"article:publisher\" content=\"https:\/\/www.facebook.com\/circoloVegarciragazzi\" \/>\n<meta property=\"article:modified_time\" content=\"2023-08-23T16:42:09+00:00\" \/>\n<meta name=\"twitter:card\" content=\"summary_large_image\" \/>\n<meta name=\"twitter:label1\" content=\"Tempo di lettura stimato\" \/>\n\t<meta name=\"twitter:data1\" content=\"7 minuti\" \/>\n<script type=\"application\/ld+json\" class=\"yoast-schema-graph\">{\"@context\":\"https:\\\/\\\/schema.org\",\"@graph\":[{\"@type\":\"WebPage\",\"@id\":\"https:\\\/\\\/circolovega.org\\\/ws\\\/privacy\\\/\",\"url\":\"https:\\\/\\\/circolovega.org\\\/ws\\\/privacy\\\/\",\"name\":\"PRIVACY - Circolo Vega\",\"isPartOf\":{\"@id\":\"https:\\\/\\\/circolovega.org\\\/ws\\\/#website\"},\"datePublished\":\"2023-08-23T16:29:07+00:00\",\"dateModified\":\"2023-08-23T16:42:09+00:00\",\"breadcrumb\":{\"@id\":\"https:\\\/\\\/circolovega.org\\\/ws\\\/privacy\\\/#breadcrumb\"},\"inLanguage\":\"it-IT\",\"potentialAction\":[{\"@type\":\"ReadAction\",\"target\":[\"https:\\\/\\\/circolovega.org\\\/ws\\\/privacy\\\/\"]}]},{\"@type\":\"BreadcrumbList\",\"@id\":\"https:\\\/\\\/circolovega.org\\\/ws\\\/privacy\\\/#breadcrumb\",\"itemListElement\":[{\"@type\":\"ListItem\",\"position\":1,\"name\":\"Home\",\"item\":\"https:\\\/\\\/circolovega.org\\\/ws\\\/\"},{\"@type\":\"ListItem\",\"position\":2,\"name\":\"PRIVACY\"}]},{\"@type\":\"WebSite\",\"@id\":\"https:\\\/\\\/circolovega.org\\\/ws\\\/#website\",\"url\":\"https:\\\/\\\/circolovega.org\\\/ws\\\/\",\"name\":\"Circolo Vega\",\"description\":\"Piccoli che pensano in grande!\",\"publisher\":{\"@id\":\"https:\\\/\\\/circolovega.org\\\/ws\\\/#organization\"},\"potentialAction\":[{\"@type\":\"SearchAction\",\"target\":{\"@type\":\"EntryPoint\",\"urlTemplate\":\"https:\\\/\\\/circolovega.org\\\/ws\\\/?s={search_term_string}\"},\"query-input\":{\"@type\":\"PropertyValueSpecification\",\"valueRequired\":true,\"valueName\":\"search_term_string\"}}],\"inLanguage\":\"it-IT\"},{\"@type\":\"Organization\",\"@id\":\"https:\\\/\\\/circolovega.org\\\/ws\\\/#organization\",\"name\":\"Circolo Vega\",\"url\":\"https:\\\/\\\/circolovega.org\\\/ws\\\/\",\"logo\":{\"@type\":\"ImageObject\",\"inLanguage\":\"it-IT\",\"@id\":\"https:\\\/\\\/circolovega.org\\\/ws\\\/#\\\/schema\\\/logo\\\/image\\\/\",\"url\":\"https:\\\/\\\/circolovega.org\\\/ws\\\/wp-content\\\/uploads\\\/2022\\\/02\\\/Logo-vega-ridisegnato-1.png-1.png\",\"contentUrl\":\"https:\\\/\\\/circolovega.org\\\/ws\\\/wp-content\\\/uploads\\\/2022\\\/02\\\/Logo-vega-ridisegnato-1.png-1.png\",\"width\":98,\"height\":99,\"caption\":\"Circolo Vega\"},\"image\":{\"@id\":\"https:\\\/\\\/circolovega.org\\\/ws\\\/#\\\/schema\\\/logo\\\/image\\\/\"},\"sameAs\":[\"https:\\\/\\\/www.facebook.com\\\/circoloVegarciragazzi\",\"https:\\\/\\\/www.instagram.com\\\/stories\\\/circolovega\\\/\"]}]}<\/script>\n<!-- \/ Yoast SEO plugin. -->","yoast_head_json":{"title":"PRIVACY - Circolo Vega","robots":{"index":"index","follow":"follow","max-snippet":"max-snippet:-1","max-image-preview":"max-image-preview:large","max-video-preview":"max-video-preview:-1"},"canonical":"https:\/\/circolovega.org\/ws\/privacy\/","og_locale":"it_IT","og_type":"article","og_title":"PRIVACY - Circolo Vega","og_description":"PRIVACY Soggetti Interessati: Navigatori, fruitori dei servizi ed iscritti alla newsletter&nbsp; &nbsp;\u201cCIRCOLO VEGA APS\u201d, nella qualit\u00e0 di Titolare del trattamento [&hellip;]","og_url":"https:\/\/circolovega.org\/ws\/privacy\/","og_site_name":"Circolo Vega","article_publisher":"https:\/\/www.facebook.com\/circoloVegarciragazzi","article_modified_time":"2023-08-23T16:42:09+00:00","twitter_card":"summary_large_image","twitter_misc":{"Tempo di lettura stimato":"7 minuti"},"schema":{"@context":"https:\/\/schema.org","@graph":[{"@type":"WebPage","@id":"https:\/\/circolovega.org\/ws\/privacy\/","url":"https:\/\/circolovega.org\/ws\/privacy\/","name":"PRIVACY - Circolo Vega","isPartOf":{"@id":"https:\/\/circolovega.org\/ws\/#website"},"datePublished":"2023-08-23T16:29:07+00:00","dateModified":"2023-08-23T16:42:09+00:00","breadcrumb":{"@id":"https:\/\/circolovega.org\/ws\/privacy\/#breadcrumb"},"inLanguage":"it-IT","potentialAction":[{"@type":"ReadAction","target":["https:\/\/circolovega.org\/ws\/privacy\/"]}]},{"@type":"BreadcrumbList","@id":"https:\/\/circolovega.org\/ws\/privacy\/#breadcrumb","itemListElement":[{"@type":"ListItem","position":1,"name":"Home","item":"https:\/\/circolovega.org\/ws\/"},{"@type":"ListItem","position":2,"name":"PRIVACY"}]},{"@type":"WebSite","@id":"https:\/\/circolovega.org\/ws\/#website","url":"https:\/\/circolovega.org\/ws\/","name":"Circolo Vega","description":"Piccoli che pensano in grande!","publisher":{"@id":"https:\/\/circolovega.org\/ws\/#organization"},"potentialAction":[{"@type":"SearchAction","target":{"@type":"EntryPoint","urlTemplate":"https:\/\/circolovega.org\/ws\/?s={search_term_string}"},"query-input":{"@type":"PropertyValueSpecification","valueRequired":true,"valueName":"search_term_string"}}],"inLanguage":"it-IT"},{"@type":"Organization","@id":"https:\/\/circolovega.org\/ws\/#organization","name":"Circolo Vega","url":"https:\/\/circolovega.org\/ws\/","logo":{"@type":"ImageObject","inLanguage":"it-IT","@id":"https:\/\/circolovega.org\/ws\/#\/schema\/logo\/image\/","url":"https:\/\/circolovega.org\/ws\/wp-content\/uploads\/2022\/02\/Logo-vega-ridisegnato-1.png-1.png","contentUrl":"https:\/\/circolovega.org\/ws\/wp-content\/uploads\/2022\/02\/Logo-vega-ridisegnato-1.png-1.png","width":98,"height":99,"caption":"Circolo Vega"},"image":{"@id":"https:\/\/circolovega.org\/ws\/#\/schema\/logo\/image\/"},"sameAs":["https:\/\/www.facebook.com\/circoloVegarciragazzi","https:\/\/www.instagram.com\/stories\/circolovega\/"]}]}},"campaignId":"","_links":{"self":[{"href":"https:\/\/circolovega.org\/ws\/wp-json\/wp\/v2\/pages\/10291","targetHints":{"allow":["GET"]}}],"collection":[{"href":"https:\/\/circolovega.org\/ws\/wp-json\/wp\/v2\/pages"}],"about":[{"href":"https:\/\/circolovega.org\/ws\/wp-json\/wp\/v2\/types\/page"}],"author":[{"embeddable":true,"href":"https:\/\/circolovega.org\/ws\/wp-json\/wp\/v2\/users\/3"}],"replies":[{"embeddable":true,"href":"https:\/\/circolovega.org\/ws\/wp-json\/wp\/v2\/comments?post=10291"}],"version-history":[{"count":4,"href":"https:\/\/circolovega.org\/ws\/wp-json\/wp\/v2\/pages\/10291\/revisions"}],"predecessor-version":[{"id":10354,"href":"https:\/\/circolovega.org\/ws\/wp-json\/wp\/v2\/pages\/10291\/revisions\/10354"}],"wp:attachment":[{"href":"https:\/\/circolovega.org\/ws\/wp-json\/wp\/v2\/media?parent=10291"}],"curies":[{"name":"wp","href":"https:\/\/api.w.org\/{rel}","templated":true}]}}